{"id":8756,"date":"2021-09-29T11:02:38","date_gmt":"2021-09-29T09:02:38","guid":{"rendered":"https:\/\/www.celion.fr\/electronique\/?page_id=8756"},"modified":"2021-09-29T11:54:47","modified_gmt":"2021-09-29T09:54:47","slug":"fir-tree-clips","status":"publish","type":"page","link":"https:\/\/www.celion.fr\/electronique\/accessoires-de-fixation\/plastic-rivet\/fir-tree-clips\/","title":{"rendered":"Fir tree clips"},"content":{"rendered":"\t\t<div data-elementor-type=\"wp-page\" data-elementor-id=\"8756\" class=\"elementor elementor-8756\" data-elementor-settings=\"{&quot;ha_cmc_init_switcher&quot;:&quot;no&quot;}\" data-elementor-post-type=\"page\">\n\t\t\t\t\t\t<section class=\"elementor-section elementor-top-section elementor-element elementor-element-e471541 elementor-section-boxed elementor-section-height-default elementor-section-height-default\" data-id=\"e471541\" data-element_type=\"section\" data-settings=\"{&quot;_ha_eqh_enable&quot;:false}\">\n\t\t\t\t\t\t<div class=\"elementor-container elementor-column-gap-default\">\n\t\t\t\t\t<div class=\"elementor-column elementor-col-100 elementor-top-column elementor-element elementor-element-6b4513e\" data-id=\"6b4513e\" data-element_type=\"column\">\n\t\t\t<div class=\"elementor-widget-wrap elementor-element-populated\">\n\t\t\t\t\t\t<section class=\"elementor-section elementor-inner-section elementor-element elementor-element-9154f63 elementor-section-boxed elementor-section-height-default elementor-section-height-default\" data-id=\"9154f63\" data-element_type=\"section\" data-settings=\"{&quot;_ha_eqh_enable&quot;:false}\">\n\t\t\t\t\t\t<div class=\"elementor-container elementor-column-gap-default\">\n\t\t\t\t\t<div class=\"elementor-column elementor-col-50 elementor-inner-column elementor-element elementor-element-9b13dac\" data-id=\"9b13dac\" data-element_type=\"column\">\n\t\t\t<div class=\"elementor-widget-wrap elementor-element-populated\">\n\t\t\t\t\t\t<div class=\"elementor-element elementor-element-cb967f4 elementor-arrows-position-inside elementor-pagination-position-outside elementor-widget elementor-widget-image-carousel\" data-id=\"cb967f4\" data-element_type=\"widget\" data-settings=\"{&quot;slides_to_show&quot;:&quot;1&quot;,&quot;navigation&quot;:&quot;both&quot;,&quot;autoplay&quot;:&quot;yes&quot;,&quot;pause_on_hover&quot;:&quot;yes&quot;,&quot;pause_on_interaction&quot;:&quot;yes&quot;,&quot;autoplay_speed&quot;:5000,&quot;infinite&quot;:&quot;yes&quot;,&quot;effect&quot;:&quot;slide&quot;,&quot;speed&quot;:500}\" data-widget_type=\"image-carousel.default\">\n\t\t\t\t<div class=\"elementor-widget-container\">\n\t\t\t\t\t\t\t<div class=\"elementor-image-carousel-wrapper swiper\" role=\"region\" aria-roledescription=\"carousel\" aria-label=\"Carrousel d\u2019images\" dir=\"ltr\">\n\t\t\t<div class=\"elementor-image-carousel swiper-wrapper\" aria-live=\"off\">\n\t\t\t\t\t\t\t\t<div class=\"swiper-slide\" role=\"group\" aria-roledescription=\"slide\" aria-label=\"1 sur 4\"><figure class=\"swiper-slide-inner\"><img decoding=\"async\" class=\"swiper-slide-image\" src=\"https:\/\/i0.wp.com\/www.celion.fr\/electronique\/wp-content\/uploads\/2021\/09\/1-3.png?fit=800%2C800&amp;ssl=1\" alt=\"1\" \/><\/figure><\/div><div class=\"swiper-slide\" role=\"group\" aria-roledescription=\"slide\" aria-label=\"2 sur 4\"><figure class=\"swiper-slide-inner\"><img decoding=\"async\" class=\"swiper-slide-image\" src=\"https:\/\/i0.wp.com\/www.celion.fr\/electronique\/wp-content\/uploads\/2021\/09\/2-3.png?fit=600%2C600&amp;ssl=1\" alt=\"2\" \/><\/figure><\/div><div class=\"swiper-slide\" role=\"group\" aria-roledescription=\"slide\" aria-label=\"3 sur 4\"><figure class=\"swiper-slide-inner\"><img decoding=\"async\" class=\"swiper-slide-image\" src=\"https:\/\/i0.wp.com\/www.celion.fr\/electronique\/wp-content\/uploads\/2021\/09\/3-3.png?fit=600%2C600&amp;ssl=1\" alt=\"3\" \/><\/figure><\/div><div class=\"swiper-slide\" role=\"group\" aria-roledescription=\"slide\" aria-label=\"4 sur 4\"><figure class=\"swiper-slide-inner\"><img decoding=\"async\" class=\"swiper-slide-image\" src=\"https:\/\/i0.wp.com\/www.celion.fr\/electronique\/wp-content\/uploads\/2021\/09\/4-1.png?fit=600%2C600&amp;ssl=1\" alt=\"4\" \/><\/figure><\/div>\t\t\t<\/div>\n\t\t\t\t\t\t\t\t\t\t\t\t<div class=\"elementor-swiper-button elementor-swiper-button-prev\" role=\"button\" tabindex=\"0\">\n\t\t\t\t\t\t<i aria-hidden=\"true\" class=\"eicon-chevron-left\"><\/i>\t\t\t\t\t<\/div>\n\t\t\t\t\t<div class=\"elementor-swiper-button elementor-swiper-button-next\" role=\"button\" tabindex=\"0\">\n\t\t\t\t\t\t<i aria-hidden=\"true\" class=\"eicon-chevron-right\"><\/i>\t\t\t\t\t<\/div>\n\t\t\t\t\n\t\t\t\t\t\t\t\t\t<div class=\"swiper-pagination\"><\/div>\n\t\t\t\t\t\t\t\t\t<\/div>\n\t\t\t\t\t\t<\/div>\n\t\t\t\t<\/div>\n\t\t\t\t\t<\/div>\n\t\t<\/div>\n\t\t\t\t<div class=\"elementor-column elementor-col-50 elementor-inner-column elementor-element elementor-element-8df8315\" data-id=\"8df8315\" data-element_type=\"column\">\n\t\t\t<div class=\"elementor-widget-wrap elementor-element-populated\">\n\t\t\t\t\t\t<div class=\"elementor-element elementor-element-45d09ee elementor-widget elementor-widget-heading\" data-id=\"45d09ee\" data-element_type=\"widget\" data-widget_type=\"heading.default\">\n\t\t\t\t<div class=\"elementor-widget-container\">\n\t\t\t\t\t<h2 class=\"elementor-heading-title elementor-size-default\">Fir tree clips<\/h2>\t\t\t\t<\/div>\n\t\t\t\t<\/div>\n\t\t\t\t<div class=\"elementor-element elementor-element-a3468b7 elementor-widget elementor-widget-text-editor\" data-id=\"a3468b7\" data-element_type=\"widget\" data-widget_type=\"text-editor.default\">\n\t\t\t\t<div class=\"elementor-widget-container\">\n\t\t\t\t\t\t\t\t\t<p>The tree rivet is easily to be fixed and greatly improve productivity; it is light in weight, small in size, artistic, environmental protected, stainless, conveniently and fast to mount. It is complete in spec. with diverse color (as black, white, and natural, etc.).<\/p>\t\t\t\t\t\t\t\t<\/div>\n\t\t\t\t<\/div>\n\t\t\t\t\t<\/div>\n\t\t<\/div>\n\t\t\t\t\t<\/div>\n\t\t<\/section>\n\t\t\t\t\t<\/div>\n\t\t<\/div>\n\t\t\t\t\t<\/div>\n\t\t<\/section>\n\t\t\t\t<section class=\"elementor-section elementor-top-section elementor-element elementor-element-17a22f7 elementor-section-boxed elementor-section-height-default elementor-section-height-default\" data-id=\"17a22f7\" data-element_type=\"section\" data-settings=\"{&quot;_ha_eqh_enable&quot;:false}\">\n\t\t\t\t\t\t<div class=\"elementor-container elementor-column-gap-default\">\n\t\t\t\t\t<div class=\"elementor-column elementor-col-100 elementor-top-column elementor-element elementor-element-9249f40\" data-id=\"9249f40\" data-element_type=\"column\">\n\t\t\t<div class=\"elementor-widget-wrap elementor-element-populated\">\n\t\t\t\t\t\t<div class=\"elementor-element elementor-element-9f0cc8f elementor-widget elementor-widget-heading\" data-id=\"9f0cc8f\" data-element_type=\"widget\" data-widget_type=\"heading.default\">\n\t\t\t\t<div class=\"elementor-widget-container\">\n\t\t\t\t\t<h2 class=\"elementor-heading-title elementor-size-default\">Product Details<\/h2>\t\t\t\t<\/div>\n\t\t\t\t<\/div>\n\t\t\t\t<div class=\"elementor-element elementor-element-7052e7e elementor-widget elementor-widget-text-editor\" data-id=\"7052e7e\" data-element_type=\"widget\" data-widget_type=\"text-editor.default\">\n\t\t\t\t<div class=\"elementor-widget-container\">\n\t\t\t\t\t\t\t\t\t<p>The tree rivet is easily to be fixed and greatly improve productivity; it is light in weight, small in size, artistic, environmental protected, stainless, conveniently and fast to mount. It is complete in spec. with diverse color (as black, white, and natural, etc.) in supply; moreover, the color can be customized.<\/p><p><strong>Application<\/strong><\/p><p>Nylon tree rivet is widely applied to fasten and fix auto panels, LED lamps, display racks, PC board, machine boards, radiators fans, etc. It replaces screws in function and easily to mount without tools. Pre-Installed pin for easy finger pressure installation Can be mounted in a Round mounting for anti-rotaion applications. They have an integrated spring that provides continuous pressure to the heat sink until the thermal adhesive cures. These push in rivets provide an inexpensive, fast way to fasten object together. They may also be used as a hole plug or as push-in bumpers. The legs provide compression and expansion to lock the rivet into a pre-punched hole easily installed by hand.<\/p><p><strong>Function<\/strong><\/p><p>Nylon tree rivet has only one part completely; it functions to riveting two separated parts. The <a href=\"https:\/\/en.heyingcn.com\/Plastic-Rivet\/\">nylon rivet<\/a> realizes the function of connection and fastening by utilizing the flexibility and shape memory of nylon material. You need just lightly push to mount, as the fins of rivet will hook up the parts on opposite direction and then it will be fixed; it is safe, reliable and time effective, which can be easily and fast to mount without tools. The rivet is easily to be fixed and greatly improve productivity; it is light in weight, small in size, artistic, environmental protected, stainless, conveniently and fast to mount. It is complete in spec. with diverse color (as black, white, and natural, etc.) in supply; moreover, the color can be customized.<\/p>\t\t\t\t\t\t\t\t<\/div>\n\t\t\t\t<\/div>\n\t\t\t\t\t<\/div>\n\t\t<\/div>\n\t\t\t\t\t<\/div>\n\t\t<\/section>\n\t\t\t\t<\/div>\n\t\t","protected":false},"excerpt":{"rendered":"<p>Pr\u00e9c\u00e9dent Suivant Fir tree clips The tree rivet is easily to be fixed and greatly improve productivity; it is light in weight, small in size, artistic, environmental protected, stainless, conveniently and fast to mount. It is complete in spec. with diverse color (as black, white, and natural, etc.). Product Details The tree rivet is easily [&hellip;]<\/p>\n","protected":false},"author":1,"featured_media":0,"parent":8674,"menu_order":0,"comment_status":"closed","ping_status":"closed","template":"","meta":{"_acf_changed":false,"ocean_post_layout":"","ocean_both_sidebars_style":"","ocean_both_sidebars_content_width":0,"ocean_both_sidebars_sidebars_width":0,"ocean_sidebar":"0","ocean_second_sidebar":"0","ocean_disable_margins":"enable","ocean_add_body_class":"","ocean_shortcode_before_top_bar":"","ocean_shortcode_after_top_bar":"","ocean_shortcode_before_header":"","ocean_shortcode_after_header":"","ocean_has_shortcode":"","ocean_shortcode_after_title":"","ocean_shortcode_before_footer_widgets":"","ocean_shortcode_after_footer_widgets":"","ocean_shortcode_before_footer_bottom":"","ocean_shortcode_after_footer_bottom":"","ocean_display_top_bar":"default","ocean_display_header":"default","ocean_header_style":"","ocean_center_header_left_menu":"0","ocean_custom_header_template":"0","ocean_custom_logo":0,"ocean_custom_retina_logo":0,"ocean_custom_logo_max_width":0,"ocean_custom_logo_tablet_max_width":0,"ocean_custom_logo_mobile_max_width":0,"ocean_custom_logo_max_height":0,"ocean_custom_logo_tablet_max_height":0,"ocean_custom_logo_mobile_max_height":0,"ocean_header_custom_menu":"0","ocean_menu_typo_font_family":"0","ocean_menu_typo_font_subset":"","ocean_menu_typo_font_size":0,"ocean_menu_typo_font_size_tablet":0,"ocean_menu_typo_font_size_mobile":0,"ocean_menu_typo_font_size_unit":"px","ocean_menu_typo_font_weight":"","ocean_menu_typo_font_weight_tablet":"","ocean_menu_typo_font_weight_mobile":"","ocean_menu_typo_transform":"","ocean_menu_typo_transform_tablet":"","ocean_menu_typo_transform_mobile":"","ocean_menu_typo_line_height":0,"ocean_menu_typo_line_height_tablet":0,"ocean_menu_typo_line_height_mobile":0,"ocean_menu_typo_line_height_unit":"","ocean_menu_typo_spacing":0,"ocean_menu_typo_spacing_tablet":0,"ocean_menu_typo_spacing_mobile":0,"ocean_menu_typo_spacing_unit":"","ocean_menu_link_color":"","ocean_menu_link_color_hover":"","ocean_menu_link_color_active":"","ocean_menu_link_background":"","ocean_menu_link_hover_background":"","ocean_menu_link_active_background":"","ocean_menu_social_links_bg":"","ocean_menu_social_hover_links_bg":"","ocean_menu_social_links_color":"","ocean_menu_social_hover_links_color":"","ocean_disable_title":"default","ocean_disable_heading":"default","ocean_post_title":"","ocean_post_subheading":"","ocean_post_title_style":"","ocean_post_title_background_color":"","ocean_post_title_background":0,"ocean_post_title_bg_image_position":"","ocean_post_title_bg_image_attachment":"","ocean_post_title_bg_image_repeat":"","ocean_post_title_bg_image_size":"","ocean_post_title_height":0,"ocean_post_title_bg_overlay":0.5,"ocean_post_title_bg_overlay_color":"","ocean_disable_breadcrumbs":"default","ocean_breadcrumbs_color":"","ocean_breadcrumbs_separator_color":"","ocean_breadcrumbs_links_color":"","ocean_breadcrumbs_links_hover_color":"","ocean_display_footer_widgets":"default","ocean_display_footer_bottom":"default","ocean_custom_footer_template":"0","footnotes":""},"class_list":["post-8756","page","type-page","status-publish","hentry","entry","owp-thumbs-layout-horizontal","owp-btn-normal","owp-tabs-layout-horizontal","has-no-thumbnails","has-product-nav"],"acf":[],"yoast_head":"<!-- This site is optimized with the Yoast SEO plugin v25.3 - https:\/\/yoast.com\/wordpress\/plugins\/seo\/ -->\n<title>Fir tree clips - C\u00e9lion \u00e9lectronique - Votre partenaire - Rh\u00f4ne-Alpes<\/title>\n<meta name=\"description\" content=\"C\u00e9lion \u00e9lectronique poss\u00e8de un large choix de Fir tree clips dans son stock. N&#039;h\u00e9sitez pas \u00e0 nous contacter pour toute demande !\" \/>\n<meta name=\"robots\" content=\"index, follow, max-snippet:-1, max-image-preview:large, max-video-preview:-1\" \/>\n<link rel=\"canonical\" href=\"https:\/\/www.celion.fr\/electronique\/accessoires-de-fixation\/plastic-rivet\/fir-tree-clips\/\" \/>\n<meta property=\"og:locale\" content=\"fr_FR\" \/>\n<meta property=\"og:type\" content=\"article\" \/>\n<meta property=\"og:title\" content=\"Fir tree clips - C\u00e9lion \u00e9lectronique - Votre partenaire - Rh\u00f4ne-Alpes\" \/>\n<meta property=\"og:description\" content=\"C\u00e9lion \u00e9lectronique poss\u00e8de un large choix de Fir tree clips dans son stock. N&#039;h\u00e9sitez pas \u00e0 nous contacter pour toute demande !\" \/>\n<meta property=\"og:url\" content=\"https:\/\/www.celion.fr\/electronique\/accessoires-de-fixation\/plastic-rivet\/fir-tree-clips\/\" \/>\n<meta property=\"og:site_name\" content=\"C\u00e9lion \u00e9lectronique - Votre partenaire\" \/>\n<meta property=\"article:modified_time\" content=\"2021-09-29T09:54:47+00:00\" \/>\n<meta property=\"og:image\" content=\"https:\/\/www.celion.fr\/electronique\/wp-content\/uploads\/2021\/09\/1-3.png\" \/>\n<meta name=\"twitter:card\" content=\"summary_large_image\" \/>\n<meta name=\"twitter:label1\" content=\"Dur\u00e9e de lecture estim\u00e9e\" \/>\n\t<meta name=\"twitter:data1\" content=\"3 minutes\" \/>\n<script type=\"application\/ld+json\" class=\"yoast-schema-graph\">{\"@context\":\"https:\/\/schema.org\",\"@graph\":[{\"@type\":\"WebPage\",\"@id\":\"https:\/\/www.celion.fr\/electronique\/accessoires-de-fixation\/plastic-rivet\/fir-tree-clips\/\",\"url\":\"https:\/\/www.celion.fr\/electronique\/accessoires-de-fixation\/plastic-rivet\/fir-tree-clips\/\",\"name\":\"Fir tree clips - C\u00e9lion \u00e9lectronique - Votre partenaire - Rh\u00f4ne-Alpes\",\"isPartOf\":{\"@id\":\"https:\/\/www.celion.fr\/electronique\/#website\"},\"primaryImageOfPage\":{\"@id\":\"https:\/\/www.celion.fr\/electronique\/accessoires-de-fixation\/plastic-rivet\/fir-tree-clips\/#primaryimage\"},\"image\":{\"@id\":\"https:\/\/www.celion.fr\/electronique\/accessoires-de-fixation\/plastic-rivet\/fir-tree-clips\/#primaryimage\"},\"thumbnailUrl\":\"https:\/\/www.celion.fr\/electronique\/wp-content\/uploads\/2021\/09\/1-3.png\",\"datePublished\":\"2021-09-29T09:02:38+00:00\",\"dateModified\":\"2021-09-29T09:54:47+00:00\",\"description\":\"C\u00e9lion \u00e9lectronique poss\u00e8de un large choix de Fir tree clips dans son stock. N'h\u00e9sitez pas \u00e0 nous contacter pour toute demande !\",\"breadcrumb\":{\"@id\":\"https:\/\/www.celion.fr\/electronique\/accessoires-de-fixation\/plastic-rivet\/fir-tree-clips\/#breadcrumb\"},\"inLanguage\":\"fr-FR\",\"potentialAction\":[{\"@type\":\"ReadAction\",\"target\":[\"https:\/\/www.celion.fr\/electronique\/accessoires-de-fixation\/plastic-rivet\/fir-tree-clips\/\"]}]},{\"@type\":\"ImageObject\",\"inLanguage\":\"fr-FR\",\"@id\":\"https:\/\/www.celion.fr\/electronique\/accessoires-de-fixation\/plastic-rivet\/fir-tree-clips\/#primaryimage\",\"url\":\"https:\/\/i0.wp.com\/www.celion.fr\/electronique\/wp-content\/uploads\/2021\/09\/1-3.png?fit=800%2C800&ssl=1\",\"contentUrl\":\"https:\/\/i0.wp.com\/www.celion.fr\/electronique\/wp-content\/uploads\/2021\/09\/1-3.png?fit=800%2C800&ssl=1\",\"width\":800,\"height\":800},{\"@type\":\"BreadcrumbList\",\"@id\":\"https:\/\/www.celion.fr\/electronique\/accessoires-de-fixation\/plastic-rivet\/fir-tree-clips\/#breadcrumb\",\"itemListElement\":[{\"@type\":\"ListItem\",\"position\":1,\"name\":\"Accueil\",\"item\":\"https:\/\/www.celion.fr\/electronique\/\"},{\"@type\":\"ListItem\",\"position\":2,\"name\":\"Accessoires de fixation\",\"item\":\"https:\/\/www.celion.fr\/electronique\/accessoires-de-fixation\/\"},{\"@type\":\"ListItem\",\"position\":3,\"name\":\"Plastic rivet\",\"item\":\"https:\/\/www.celion.fr\/electronique\/accessoires-de-fixation\/plastic-rivet\/\"},{\"@type\":\"ListItem\",\"position\":4,\"name\":\"Fir tree clips\"}]},{\"@type\":\"WebSite\",\"@id\":\"https:\/\/www.celion.fr\/electronique\/#website\",\"url\":\"https:\/\/www.celion.fr\/electronique\/\",\"name\":\"C\u00e9lion \u00e9lectronique - Votre partenaire\",\"description\":\"\",\"publisher\":{\"@id\":\"https:\/\/www.celion.fr\/electronique\/#organization\"},\"potentialAction\":[{\"@type\":\"SearchAction\",\"target\":{\"@type\":\"EntryPoint\",\"urlTemplate\":\"https:\/\/www.celion.fr\/electronique\/?s={search_term_string}\"},\"query-input\":{\"@type\":\"PropertyValueSpecification\",\"valueRequired\":true,\"valueName\":\"search_term_string\"}}],\"inLanguage\":\"fr-FR\"},{\"@type\":\"Organization\",\"@id\":\"https:\/\/www.celion.fr\/electronique\/#organization\",\"name\":\"C\u00e9lion \u00e9lectronique\",\"url\":\"https:\/\/www.celion.fr\/electronique\/\",\"logo\":{\"@type\":\"ImageObject\",\"inLanguage\":\"fr-FR\",\"@id\":\"https:\/\/www.celion.fr\/electronique\/#\/schema\/logo\/image\/\",\"url\":\"https:\/\/i1.wp.com\/www.celion.fr\/electronique\/wp-content\/uploads\/2021\/04\/LOGO_Celion_fond-transparent.png?fit=13386%2C3465&ssl=1\",\"contentUrl\":\"https:\/\/i1.wp.com\/www.celion.fr\/electronique\/wp-content\/uploads\/2021\/04\/LOGO_Celion_fond-transparent.png?fit=13386%2C3465&ssl=1\",\"width\":13386,\"height\":3465,\"caption\":\"C\u00e9lion \u00e9lectronique\"},\"image\":{\"@id\":\"https:\/\/www.celion.fr\/electronique\/#\/schema\/logo\/image\/\"}}]}<\/script>\n<!-- \/ Yoast SEO plugin. -->","yoast_head_json":{"title":"Fir tree clips - C\u00e9lion \u00e9lectronique - Votre partenaire - Rh\u00f4ne-Alpes","description":"C\u00e9lion \u00e9lectronique poss\u00e8de un large choix de Fir tree clips dans son stock. N'h\u00e9sitez pas \u00e0 nous contacter pour toute demande !","robots":{"index":"index","follow":"follow","max-snippet":"max-snippet:-1","max-image-preview":"max-image-preview:large","max-video-preview":"max-video-preview:-1"},"canonical":"https:\/\/www.celion.fr\/electronique\/accessoires-de-fixation\/plastic-rivet\/fir-tree-clips\/","og_locale":"fr_FR","og_type":"article","og_title":"Fir tree clips - C\u00e9lion \u00e9lectronique - Votre partenaire - Rh\u00f4ne-Alpes","og_description":"C\u00e9lion \u00e9lectronique poss\u00e8de un large choix de Fir tree clips dans son stock. N'h\u00e9sitez pas \u00e0 nous contacter pour toute demande !","og_url":"https:\/\/www.celion.fr\/electronique\/accessoires-de-fixation\/plastic-rivet\/fir-tree-clips\/","og_site_name":"C\u00e9lion \u00e9lectronique - Votre partenaire","article_modified_time":"2021-09-29T09:54:47+00:00","og_image":[{"url":"https:\/\/www.celion.fr\/electronique\/wp-content\/uploads\/2021\/09\/1-3.png","type":"","width":"","height":""}],"twitter_card":"summary_large_image","twitter_misc":{"Dur\u00e9e de lecture estim\u00e9e":"3 minutes"},"schema":{"@context":"https:\/\/schema.org","@graph":[{"@type":"WebPage","@id":"https:\/\/www.celion.fr\/electronique\/accessoires-de-fixation\/plastic-rivet\/fir-tree-clips\/","url":"https:\/\/www.celion.fr\/electronique\/accessoires-de-fixation\/plastic-rivet\/fir-tree-clips\/","name":"Fir tree clips - C\u00e9lion \u00e9lectronique - Votre partenaire - Rh\u00f4ne-Alpes","isPartOf":{"@id":"https:\/\/www.celion.fr\/electronique\/#website"},"primaryImageOfPage":{"@id":"https:\/\/www.celion.fr\/electronique\/accessoires-de-fixation\/plastic-rivet\/fir-tree-clips\/#primaryimage"},"image":{"@id":"https:\/\/www.celion.fr\/electronique\/accessoires-de-fixation\/plastic-rivet\/fir-tree-clips\/#primaryimage"},"thumbnailUrl":"https:\/\/www.celion.fr\/electronique\/wp-content\/uploads\/2021\/09\/1-3.png","datePublished":"2021-09-29T09:02:38+00:00","dateModified":"2021-09-29T09:54:47+00:00","description":"C\u00e9lion \u00e9lectronique poss\u00e8de un large choix de Fir tree clips dans son stock. N'h\u00e9sitez pas \u00e0 nous contacter pour toute demande !","breadcrumb":{"@id":"https:\/\/www.celion.fr\/electronique\/accessoires-de-fixation\/plastic-rivet\/fir-tree-clips\/#breadcrumb"},"inLanguage":"fr-FR","potentialAction":[{"@type":"ReadAction","target":["https:\/\/www.celion.fr\/electronique\/accessoires-de-fixation\/plastic-rivet\/fir-tree-clips\/"]}]},{"@type":"ImageObject","inLanguage":"fr-FR","@id":"https:\/\/www.celion.fr\/electronique\/accessoires-de-fixation\/plastic-rivet\/fir-tree-clips\/#primaryimage","url":"https:\/\/i0.wp.com\/www.celion.fr\/electronique\/wp-content\/uploads\/2021\/09\/1-3.png?fit=800%2C800&ssl=1","contentUrl":"https:\/\/i0.wp.com\/www.celion.fr\/electronique\/wp-content\/uploads\/2021\/09\/1-3.png?fit=800%2C800&ssl=1","width":800,"height":800},{"@type":"BreadcrumbList","@id":"https:\/\/www.celion.fr\/electronique\/accessoires-de-fixation\/plastic-rivet\/fir-tree-clips\/#breadcrumb","itemListElement":[{"@type":"ListItem","position":1,"name":"Accueil","item":"https:\/\/www.celion.fr\/electronique\/"},{"@type":"ListItem","position":2,"name":"Accessoires de fixation","item":"https:\/\/www.celion.fr\/electronique\/accessoires-de-fixation\/"},{"@type":"ListItem","position":3,"name":"Plastic rivet","item":"https:\/\/www.celion.fr\/electronique\/accessoires-de-fixation\/plastic-rivet\/"},{"@type":"ListItem","position":4,"name":"Fir tree clips"}]},{"@type":"WebSite","@id":"https:\/\/www.celion.fr\/electronique\/#website","url":"https:\/\/www.celion.fr\/electronique\/","name":"C\u00e9lion \u00e9lectronique - Votre partenaire","description":"","publisher":{"@id":"https:\/\/www.celion.fr\/electronique\/#organization"},"potentialAction":[{"@type":"SearchAction","target":{"@type":"EntryPoint","urlTemplate":"https:\/\/www.celion.fr\/electronique\/?s={search_term_string}"},"query-input":{"@type":"PropertyValueSpecification","valueRequired":true,"valueName":"search_term_string"}}],"inLanguage":"fr-FR"},{"@type":"Organization","@id":"https:\/\/www.celion.fr\/electronique\/#organization","name":"C\u00e9lion \u00e9lectronique","url":"https:\/\/www.celion.fr\/electronique\/","logo":{"@type":"ImageObject","inLanguage":"fr-FR","@id":"https:\/\/www.celion.fr\/electronique\/#\/schema\/logo\/image\/","url":"https:\/\/i1.wp.com\/www.celion.fr\/electronique\/wp-content\/uploads\/2021\/04\/LOGO_Celion_fond-transparent.png?fit=13386%2C3465&ssl=1","contentUrl":"https:\/\/i1.wp.com\/www.celion.fr\/electronique\/wp-content\/uploads\/2021\/04\/LOGO_Celion_fond-transparent.png?fit=13386%2C3465&ssl=1","width":13386,"height":3465,"caption":"C\u00e9lion \u00e9lectronique"},"image":{"@id":"https:\/\/www.celion.fr\/electronique\/#\/schema\/logo\/image\/"}}]}},"jetpack_sharing_enabled":true,"_links":{"self":[{"href":"https:\/\/www.celion.fr\/electronique\/wp-json\/wp\/v2\/pages\/8756","targetHints":{"allow":["GET"]}}],"collection":[{"href":"https:\/\/www.celion.fr\/electronique\/wp-json\/wp\/v2\/pages"}],"about":[{"href":"https:\/\/www.celion.fr\/electronique\/wp-json\/wp\/v2\/types\/page"}],"author":[{"embeddable":true,"href":"https:\/\/www.celion.fr\/electronique\/wp-json\/wp\/v2\/users\/1"}],"replies":[{"embeddable":true,"href":"https:\/\/www.celion.fr\/electronique\/wp-json\/wp\/v2\/comments?post=8756"}],"version-history":[{"count":5,"href":"https:\/\/www.celion.fr\/electronique\/wp-json\/wp\/v2\/pages\/8756\/revisions"}],"predecessor-version":[{"id":8767,"href":"https:\/\/www.celion.fr\/electronique\/wp-json\/wp\/v2\/pages\/8756\/revisions\/8767"}],"up":[{"embeddable":true,"href":"https:\/\/www.celion.fr\/electronique\/wp-json\/wp\/v2\/pages\/8674"}],"wp:attachment":[{"href":"https:\/\/www.celion.fr\/electronique\/wp-json\/wp\/v2\/media?parent=8756"}],"curies":[{"name":"wp","href":"https:\/\/api.w.org\/{rel}","templated":true}]}}