{"id":13493,"date":"2021-11-24T11:39:13","date_gmt":"2021-11-24T10:39:13","guid":{"rendered":"https:\/\/www.celion.fr\/electronique\/?page_id=13493"},"modified":"2021-11-24T11:39:17","modified_gmt":"2021-11-24T10:39:17","slug":"caps","status":"publish","type":"page","link":"https:\/\/www.celion.fr\/electronique\/caps\/","title":{"rendered":"Caps"},"content":{"rendered":"\t\t<div data-elementor-type=\"wp-page\" data-elementor-id=\"13493\" class=\"elementor elementor-13493\" data-elementor-settings=\"{&quot;ha_cmc_init_switcher&quot;:&quot;no&quot;}\" data-elementor-post-type=\"page\">\n\t\t\t\t\t\t<section class=\"elementor-section elementor-top-section elementor-element elementor-element-6411dbe elementor-section-boxed elementor-section-height-default elementor-section-height-default\" data-id=\"6411dbe\" data-element_type=\"section\" data-settings=\"{&quot;_ha_eqh_enable&quot;:false}\">\n\t\t\t\t\t\t<div class=\"elementor-container elementor-column-gap-default\">\n\t\t\t\t\t<div class=\"elementor-column elementor-col-100 elementor-top-column elementor-element elementor-element-121f731\" data-id=\"121f731\" data-element_type=\"column\">\n\t\t\t<div class=\"elementor-widget-wrap elementor-element-populated\">\n\t\t\t\t\t\t<div class=\"elementor-element elementor-element-9e92da8 elementor-widget elementor-widget-heading\" data-id=\"9e92da8\" data-element_type=\"widget\" data-widget_type=\"heading.default\">\n\t\t\t\t<div class=\"elementor-widget-container\">\n\t\t\t\t\t<h2 class=\"elementor-heading-title elementor-size-default\">Caps &amp; Adapters<\/h2>\t\t\t\t<\/div>\n\t\t\t\t<\/div>\n\t\t\t\t\t<\/div>\n\t\t<\/div>\n\t\t\t\t\t<\/div>\n\t\t<\/section>\n\t\t\t\t<section class=\"elementor-section elementor-top-section elementor-element elementor-element-59bfa5e elementor-section-boxed elementor-section-height-default elementor-section-height-default\" data-id=\"59bfa5e\" data-element_type=\"section\" data-settings=\"{&quot;_ha_eqh_enable&quot;:false}\">\n\t\t\t\t\t\t<div class=\"elementor-container elementor-column-gap-default\">\n\t\t\t\t\t<div class=\"elementor-column elementor-col-100 elementor-top-column elementor-element elementor-element-dcdd810\" data-id=\"dcdd810\" data-element_type=\"column\">\n\t\t\t<div class=\"elementor-widget-wrap elementor-element-populated\">\n\t\t\t\t\t\t<div class=\"elementor-element elementor-element-8c5ae3e elementor-widget-divider--view-line elementor-widget elementor-widget-divider\" data-id=\"8c5ae3e\" data-element_type=\"widget\" data-widget_type=\"divider.default\">\n\t\t\t\t<div class=\"elementor-widget-container\">\n\t\t\t\t\t\t\t<div class=\"elementor-divider\">\n\t\t\t<span class=\"elementor-divider-separator\">\n\t\t\t\t\t\t<\/span>\n\t\t<\/div>\n\t\t\t\t\t\t<\/div>\n\t\t\t\t<\/div>\n\t\t\t\t\t<\/div>\n\t\t<\/div>\n\t\t\t\t\t<\/div>\n\t\t<\/section>\n\t\t\t\t<section class=\"elementor-section elementor-top-section elementor-element elementor-element-9157cc5 elementor-section-boxed elementor-section-height-default elementor-section-height-default\" data-id=\"9157cc5\" data-element_type=\"section\" data-settings=\"{&quot;_ha_eqh_enable&quot;:false}\">\n\t\t\t\t\t\t<div class=\"elementor-container elementor-column-gap-default\">\n\t\t\t\t\t<div class=\"elementor-column elementor-col-66 elementor-top-column elementor-element elementor-element-161636f\" data-id=\"161636f\" data-element_type=\"column\">\n\t\t\t<div class=\"elementor-widget-wrap elementor-element-populated\">\n\t\t\t\t\t\t<div class=\"elementor-element elementor-element-2fd7a5d elementor-widget elementor-widget-heading\" data-id=\"2fd7a5d\" data-element_type=\"widget\" data-widget_type=\"heading.default\">\n\t\t\t\t<div class=\"elementor-widget-container\">\n\t\t\t\t\t<h2 class=\"elementor-heading-title elementor-size-default\"><a href=\"https:\/\/www.celion.fr\/electronique\/cpp-wcap-fy\/\">CPP-WCAP-FY<\/a><\/h2>\t\t\t\t<\/div>\n\t\t\t\t<\/div>\n\t\t\t\t<div class=\"elementor-element elementor-element-9f1b6fc elementor-widget elementor-widget-image\" data-id=\"9f1b6fc\" data-element_type=\"widget\" data-widget_type=\"image.default\">\n\t\t\t\t<div class=\"elementor-widget-container\">\n\t\t\t\t\t\t\t\t\t\t\t\t\t\t\t\t<a href=\"https:\/\/www.celion.fr\/electronique\/cpp-wcap-fy\/\">\n\t\t\t\t\t\t\t<img fetchpriority=\"high\" decoding=\"async\" width=\"610\" height=\"190\" src=\"https:\/\/i0.wp.com\/www.celion.fr\/electronique\/wp-content\/uploads\/2021\/11\/P1-4.jpg?fit=610%2C190&amp;ssl=1\" class=\"elementor-animation-float attachment-large size-large wp-image-13497\" alt=\"\" srcset=\"https:\/\/i0.wp.com\/www.celion.fr\/electronique\/wp-content\/uploads\/2021\/11\/P1-4.jpg?w=610&amp;ssl=1 610w, https:\/\/i0.wp.com\/www.celion.fr\/electronique\/wp-content\/uploads\/2021\/11\/P1-4.jpg?resize=300%2C93&amp;ssl=1 300w, https:\/\/i0.wp.com\/www.celion.fr\/electronique\/wp-content\/uploads\/2021\/11\/P1-4.jpg?resize=600%2C187&amp;ssl=1 600w\" sizes=\"(max-width: 610px) 100vw, 610px\" \/>\t\t\t\t\t\t\t\t<\/a>\n\t\t\t\t\t\t\t\t\t\t\t\t\t\t\t<\/div>\n\t\t\t\t<\/div>\n\t\t\t\t\t<\/div>\n\t\t<\/div>\n\t\t\t\t<div class=\"elementor-column elementor-col-33 elementor-top-column elementor-element elementor-element-462a0e7\" data-id=\"462a0e7\" data-element_type=\"column\">\n\t\t\t<div class=\"elementor-widget-wrap elementor-element-populated\">\n\t\t\t\t\t\t<div class=\"elementor-element elementor-element-4785393 elementor-widget elementor-widget-text-editor\" data-id=\"4785393\" data-element_type=\"widget\" data-widget_type=\"text-editor.default\">\n\t\t\t\t<div class=\"elementor-widget-container\">\n\t\t\t\t\t\t\t\t\t<ul><li><strong>Connector Type :<\/strong> Caps<\/li><li><strong>Locking System :<\/strong> Threaded Locking<\/li><\/ul>\t\t\t\t\t\t\t\t<\/div>\n\t\t\t\t<\/div>\n\t\t\t\t\t<\/div>\n\t\t<\/div>\n\t\t\t\t\t<\/div>\n\t\t<\/section>\n\t\t\t\t<section class=\"elementor-section elementor-top-section elementor-element elementor-element-db2052a elementor-section-boxed elementor-section-height-default elementor-section-height-default\" data-id=\"db2052a\" data-element_type=\"section\" data-settings=\"{&quot;_ha_eqh_enable&quot;:false}\">\n\t\t\t\t\t\t<div class=\"elementor-container elementor-column-gap-default\">\n\t\t\t\t\t<div class=\"elementor-column elementor-col-100 elementor-top-column elementor-element elementor-element-fa32be7\" data-id=\"fa32be7\" data-element_type=\"column\">\n\t\t\t<div class=\"elementor-widget-wrap elementor-element-populated\">\n\t\t\t\t\t\t<div class=\"elementor-element elementor-element-c2a9749 elementor-widget-divider--view-line elementor-widget elementor-widget-divider\" data-id=\"c2a9749\" data-element_type=\"widget\" data-widget_type=\"divider.default\">\n\t\t\t\t<div class=\"elementor-widget-container\">\n\t\t\t\t\t\t\t<div class=\"elementor-divider\">\n\t\t\t<span class=\"elementor-divider-separator\">\n\t\t\t\t\t\t<\/span>\n\t\t<\/div>\n\t\t\t\t\t\t<\/div>\n\t\t\t\t<\/div>\n\t\t\t\t\t<\/div>\n\t\t<\/div>\n\t\t\t\t\t<\/div>\n\t\t<\/section>\n\t\t\t\t<section class=\"elementor-section elementor-top-section elementor-element elementor-element-0ae99be elementor-section-boxed elementor-section-height-default elementor-section-height-default\" data-id=\"0ae99be\" data-element_type=\"section\" data-settings=\"{&quot;_ha_eqh_enable&quot;:false}\">\n\t\t\t\t\t\t<div class=\"elementor-container elementor-column-gap-default\">\n\t\t\t\t\t<div class=\"elementor-column elementor-col-66 elementor-top-column elementor-element elementor-element-e195799\" data-id=\"e195799\" data-element_type=\"column\">\n\t\t\t<div class=\"elementor-widget-wrap elementor-element-populated\">\n\t\t\t\t\t\t<div class=\"elementor-element elementor-element-df7ab91 elementor-widget elementor-widget-heading\" data-id=\"df7ab91\" data-element_type=\"widget\" data-widget_type=\"heading.default\">\n\t\t\t\t<div class=\"elementor-widget-container\">\n\t\t\t\t\t<h2 class=\"elementor-heading-title elementor-size-default\"><a href=\"https:\/\/www.celion.fr\/electronique\/cpp-wcap-fc\/\">CPP-WCAP-FC<\/a><\/h2>\t\t\t\t<\/div>\n\t\t\t\t<\/div>\n\t\t\t\t<div class=\"elementor-element elementor-element-f5a7ae8 elementor-widget elementor-widget-image\" data-id=\"f5a7ae8\" data-element_type=\"widget\" data-widget_type=\"image.default\">\n\t\t\t\t<div class=\"elementor-widget-container\">\n\t\t\t\t\t\t\t\t\t\t\t\t\t\t\t\t<a href=\"https:\/\/www.celion.fr\/electronique\/cpp-wcap-fc\/\">\n\t\t\t\t\t\t\t<img decoding=\"async\" width=\"610\" height=\"190\" src=\"https:\/\/i0.wp.com\/www.celion.fr\/electronique\/wp-content\/uploads\/2021\/11\/P2-4.jpg?fit=610%2C190&amp;ssl=1\" class=\"elementor-animation-float attachment-large size-large wp-image-13498\" alt=\"\" srcset=\"https:\/\/i0.wp.com\/www.celion.fr\/electronique\/wp-content\/uploads\/2021\/11\/P2-4.jpg?w=610&amp;ssl=1 610w, https:\/\/i0.wp.com\/www.celion.fr\/electronique\/wp-content\/uploads\/2021\/11\/P2-4.jpg?resize=300%2C93&amp;ssl=1 300w, https:\/\/i0.wp.com\/www.celion.fr\/electronique\/wp-content\/uploads\/2021\/11\/P2-4.jpg?resize=600%2C187&amp;ssl=1 600w\" sizes=\"(max-width: 610px) 100vw, 610px\" \/>\t\t\t\t\t\t\t\t<\/a>\n\t\t\t\t\t\t\t\t\t\t\t\t\t\t\t<\/div>\n\t\t\t\t<\/div>\n\t\t\t\t\t<\/div>\n\t\t<\/div>\n\t\t\t\t<div class=\"elementor-column elementor-col-33 elementor-top-column elementor-element elementor-element-a1e8fea\" data-id=\"a1e8fea\" data-element_type=\"column\">\n\t\t\t<div class=\"elementor-widget-wrap elementor-element-populated\">\n\t\t\t\t\t\t<div class=\"elementor-element elementor-element-ab1dd8f elementor-widget elementor-widget-text-editor\" data-id=\"ab1dd8f\" data-element_type=\"widget\" data-widget_type=\"text-editor.default\">\n\t\t\t\t<div class=\"elementor-widget-container\">\n\t\t\t\t\t\t\t\t\t<ul><li><strong>Connector Type :<\/strong> Caps<\/li><li><strong>Locking System :<\/strong> Threaded Locking<\/li><\/ul>\t\t\t\t\t\t\t\t<\/div>\n\t\t\t\t<\/div>\n\t\t\t\t\t<\/div>\n\t\t<\/div>\n\t\t\t\t\t<\/div>\n\t\t<\/section>\n\t\t\t\t<section class=\"elementor-section elementor-top-section elementor-element elementor-element-7f1d129 elementor-section-boxed elementor-section-height-default elementor-section-height-default\" data-id=\"7f1d129\" data-element_type=\"section\" data-settings=\"{&quot;_ha_eqh_enable&quot;:false}\">\n\t\t\t\t\t\t<div class=\"elementor-container elementor-column-gap-default\">\n\t\t\t\t\t<div class=\"elementor-column elementor-col-100 elementor-top-column elementor-element elementor-element-ab2f7c7\" data-id=\"ab2f7c7\" data-element_type=\"column\">\n\t\t\t<div class=\"elementor-widget-wrap elementor-element-populated\">\n\t\t\t\t\t\t<div class=\"elementor-element elementor-element-972715f elementor-widget-divider--view-line elementor-widget elementor-widget-divider\" data-id=\"972715f\" data-element_type=\"widget\" data-widget_type=\"divider.default\">\n\t\t\t\t<div class=\"elementor-widget-container\">\n\t\t\t\t\t\t\t<div class=\"elementor-divider\">\n\t\t\t<span class=\"elementor-divider-separator\">\n\t\t\t\t\t\t<\/span>\n\t\t<\/div>\n\t\t\t\t\t\t<\/div>\n\t\t\t\t<\/div>\n\t\t\t\t\t<\/div>\n\t\t<\/div>\n\t\t\t\t\t<\/div>\n\t\t<\/section>\n\t\t\t\t<\/div>\n\t\t","protected":false},"excerpt":{"rendered":"<p>Caps &amp; Adapters CPP-WCAP-FY Connector Type : Caps Locking System : Threaded Locking CPP-WCAP-FC Connector Type : Caps Locking System : Threaded Locking<\/p>\n","protected":false},"author":1,"featured_media":0,"parent":0,"menu_order":0,"comment_status":"closed","ping_status":"closed","template":"","meta":{"_acf_changed":false,"ocean_post_layout":"","ocean_both_sidebars_style":"","ocean_both_sidebars_content_width":0,"ocean_both_sidebars_sidebars_width":0,"ocean_sidebar":"0","ocean_second_sidebar":"0","ocean_disable_margins":"enable","ocean_add_body_class":"","ocean_shortcode_before_top_bar":"","ocean_shortcode_after_top_bar":"","ocean_shortcode_before_header":"","ocean_shortcode_after_header":"","ocean_has_shortcode":"","ocean_shortcode_after_title":"","ocean_shortcode_before_footer_widgets":"","ocean_shortcode_after_footer_widgets":"","ocean_shortcode_before_footer_bottom":"","ocean_shortcode_after_footer_bottom":"","ocean_display_top_bar":"default","ocean_display_header":"default","ocean_header_style":"","ocean_center_header_left_menu":"0","ocean_custom_header_template":"0","ocean_custom_logo":0,"ocean_custom_retina_logo":0,"ocean_custom_logo_max_width":0,"ocean_custom_logo_tablet_max_width":0,"ocean_custom_logo_mobile_max_width":0,"ocean_custom_logo_max_height":0,"ocean_custom_logo_tablet_max_height":0,"ocean_custom_logo_mobile_max_height":0,"ocean_header_custom_menu":"0","ocean_menu_typo_font_family":"0","ocean_menu_typo_font_subset":"","ocean_menu_typo_font_size":0,"ocean_menu_typo_font_size_tablet":0,"ocean_menu_typo_font_size_mobile":0,"ocean_menu_typo_font_size_unit":"px","ocean_menu_typo_font_weight":"","ocean_menu_typo_font_weight_tablet":"","ocean_menu_typo_font_weight_mobile":"","ocean_menu_typo_transform":"","ocean_menu_typo_transform_tablet":"","ocean_menu_typo_transform_mobile":"","ocean_menu_typo_line_height":0,"ocean_menu_typo_line_height_tablet":0,"ocean_menu_typo_line_height_mobile":0,"ocean_menu_typo_line_height_unit":"","ocean_menu_typo_spacing":0,"ocean_menu_typo_spacing_tablet":0,"ocean_menu_typo_spacing_mobile":0,"ocean_menu_typo_spacing_unit":"","ocean_menu_link_color":"","ocean_menu_link_color_hover":"","ocean_menu_link_color_active":"","ocean_menu_link_background":"","ocean_menu_link_hover_background":"","ocean_menu_link_active_background":"","ocean_menu_social_links_bg":"","ocean_menu_social_hover_links_bg":"","ocean_menu_social_links_color":"","ocean_menu_social_hover_links_color":"","ocean_disable_title":"default","ocean_disable_heading":"default","ocean_post_title":"","ocean_post_subheading":"","ocean_post_title_style":"","ocean_post_title_background_color":"","ocean_post_title_background":0,"ocean_post_title_bg_image_position":"","ocean_post_title_bg_image_attachment":"","ocean_post_title_bg_image_repeat":"","ocean_post_title_bg_image_size":"","ocean_post_title_height":0,"ocean_post_title_bg_overlay":0.5,"ocean_post_title_bg_overlay_color":"","ocean_disable_breadcrumbs":"default","ocean_breadcrumbs_color":"","ocean_breadcrumbs_separator_color":"","ocean_breadcrumbs_links_color":"","ocean_breadcrumbs_links_hover_color":"","ocean_display_footer_widgets":"default","ocean_display_footer_bottom":"default","ocean_custom_footer_template":"0","footnotes":""},"class_list":["post-13493","page","type-page","status-publish","hentry","entry","owp-thumbs-layout-horizontal","owp-btn-normal","owp-tabs-layout-horizontal","has-no-thumbnails","has-product-nav"],"acf":[],"yoast_head":"<!-- This site is optimized with the Yoast SEO plugin v25.3 - https:\/\/yoast.com\/wordpress\/plugins\/seo\/ -->\n<title>Caps - C\u00e9lion \u00e9lectronique - Votre partenaire<\/title>\n<meta name=\"description\" content=\"C\u00e9lion \u00e9lectronique poss\u00e8de un large choix de Caps dans son stock. N&#039;h\u00e9sitez pas \u00e0 nous contacter pour toute demande !\" \/>\n<meta name=\"robots\" content=\"index, follow, max-snippet:-1, max-image-preview:large, max-video-preview:-1\" \/>\n<link rel=\"canonical\" href=\"https:\/\/www.celion.fr\/electronique\/caps\/\" \/>\n<meta property=\"og:locale\" content=\"fr_FR\" \/>\n<meta property=\"og:type\" content=\"article\" \/>\n<meta property=\"og:title\" content=\"Caps - C\u00e9lion \u00e9lectronique - Votre partenaire\" \/>\n<meta property=\"og:description\" content=\"C\u00e9lion \u00e9lectronique poss\u00e8de un large choix de Caps dans son stock. N&#039;h\u00e9sitez pas \u00e0 nous contacter pour toute demande !\" \/>\n<meta property=\"og:url\" content=\"https:\/\/www.celion.fr\/electronique\/caps\/\" \/>\n<meta property=\"og:site_name\" content=\"C\u00e9lion \u00e9lectronique - Votre partenaire\" \/>\n<meta property=\"article:modified_time\" content=\"2021-11-24T10:39:17+00:00\" \/>\n<meta property=\"og:image\" content=\"https:\/\/www.celion.fr\/electronique\/wp-content\/uploads\/2021\/11\/P1-4.jpg\" \/>\n<meta name=\"twitter:card\" content=\"summary_large_image\" \/>\n<meta name=\"twitter:label1\" content=\"Dur\u00e9e de lecture estim\u00e9e\" \/>\n\t<meta name=\"twitter:data1\" content=\"1 minute\" \/>\n<script type=\"application\/ld+json\" class=\"yoast-schema-graph\">{\"@context\":\"https:\/\/schema.org\",\"@graph\":[{\"@type\":\"WebPage\",\"@id\":\"https:\/\/www.celion.fr\/electronique\/caps\/\",\"url\":\"https:\/\/www.celion.fr\/electronique\/caps\/\",\"name\":\"Caps - C\u00e9lion \u00e9lectronique - Votre partenaire\",\"isPartOf\":{\"@id\":\"https:\/\/www.celion.fr\/electronique\/#website\"},\"primaryImageOfPage\":{\"@id\":\"https:\/\/www.celion.fr\/electronique\/caps\/#primaryimage\"},\"image\":{\"@id\":\"https:\/\/www.celion.fr\/electronique\/caps\/#primaryimage\"},\"thumbnailUrl\":\"https:\/\/www.celion.fr\/electronique\/wp-content\/uploads\/2021\/11\/P1-4.jpg\",\"datePublished\":\"2021-11-24T10:39:13+00:00\",\"dateModified\":\"2021-11-24T10:39:17+00:00\",\"description\":\"C\u00e9lion \u00e9lectronique poss\u00e8de un large choix de Caps dans son stock. N'h\u00e9sitez pas \u00e0 nous contacter pour toute demande !\",\"breadcrumb\":{\"@id\":\"https:\/\/www.celion.fr\/electronique\/caps\/#breadcrumb\"},\"inLanguage\":\"fr-FR\",\"potentialAction\":[{\"@type\":\"ReadAction\",\"target\":[\"https:\/\/www.celion.fr\/electronique\/caps\/\"]}]},{\"@type\":\"ImageObject\",\"inLanguage\":\"fr-FR\",\"@id\":\"https:\/\/www.celion.fr\/electronique\/caps\/#primaryimage\",\"url\":\"https:\/\/i0.wp.com\/www.celion.fr\/electronique\/wp-content\/uploads\/2021\/11\/P1-4.jpg?fit=610%2C190&ssl=1\",\"contentUrl\":\"https:\/\/i0.wp.com\/www.celion.fr\/electronique\/wp-content\/uploads\/2021\/11\/P1-4.jpg?fit=610%2C190&ssl=1\",\"width\":610,\"height\":190},{\"@type\":\"BreadcrumbList\",\"@id\":\"https:\/\/www.celion.fr\/electronique\/caps\/#breadcrumb\",\"itemListElement\":[{\"@type\":\"ListItem\",\"position\":1,\"name\":\"Accueil\",\"item\":\"https:\/\/www.celion.fr\/electronique\/\"},{\"@type\":\"ListItem\",\"position\":2,\"name\":\"Caps\"}]},{\"@type\":\"WebSite\",\"@id\":\"https:\/\/www.celion.fr\/electronique\/#website\",\"url\":\"https:\/\/www.celion.fr\/electronique\/\",\"name\":\"C\u00e9lion \u00e9lectronique - Votre partenaire\",\"description\":\"\",\"publisher\":{\"@id\":\"https:\/\/www.celion.fr\/electronique\/#organization\"},\"potentialAction\":[{\"@type\":\"SearchAction\",\"target\":{\"@type\":\"EntryPoint\",\"urlTemplate\":\"https:\/\/www.celion.fr\/electronique\/?s={search_term_string}\"},\"query-input\":{\"@type\":\"PropertyValueSpecification\",\"valueRequired\":true,\"valueName\":\"search_term_string\"}}],\"inLanguage\":\"fr-FR\"},{\"@type\":\"Organization\",\"@id\":\"https:\/\/www.celion.fr\/electronique\/#organization\",\"name\":\"C\u00e9lion \u00e9lectronique\",\"url\":\"https:\/\/www.celion.fr\/electronique\/\",\"logo\":{\"@type\":\"ImageObject\",\"inLanguage\":\"fr-FR\",\"@id\":\"https:\/\/www.celion.fr\/electronique\/#\/schema\/logo\/image\/\",\"url\":\"https:\/\/i1.wp.com\/www.celion.fr\/electronique\/wp-content\/uploads\/2021\/04\/LOGO_Celion_fond-transparent.png?fit=13386%2C3465&ssl=1\",\"contentUrl\":\"https:\/\/i1.wp.com\/www.celion.fr\/electronique\/wp-content\/uploads\/2021\/04\/LOGO_Celion_fond-transparent.png?fit=13386%2C3465&ssl=1\",\"width\":13386,\"height\":3465,\"caption\":\"C\u00e9lion \u00e9lectronique\"},\"image\":{\"@id\":\"https:\/\/www.celion.fr\/electronique\/#\/schema\/logo\/image\/\"}}]}<\/script>\n<!-- \/ Yoast SEO plugin. -->","yoast_head_json":{"title":"Caps - C\u00e9lion \u00e9lectronique - Votre partenaire","description":"C\u00e9lion \u00e9lectronique poss\u00e8de un large choix de Caps dans son stock. N'h\u00e9sitez pas \u00e0 nous contacter pour toute demande !","robots":{"index":"index","follow":"follow","max-snippet":"max-snippet:-1","max-image-preview":"max-image-preview:large","max-video-preview":"max-video-preview:-1"},"canonical":"https:\/\/www.celion.fr\/electronique\/caps\/","og_locale":"fr_FR","og_type":"article","og_title":"Caps - C\u00e9lion \u00e9lectronique - Votre partenaire","og_description":"C\u00e9lion \u00e9lectronique poss\u00e8de un large choix de Caps dans son stock. N'h\u00e9sitez pas \u00e0 nous contacter pour toute demande !","og_url":"https:\/\/www.celion.fr\/electronique\/caps\/","og_site_name":"C\u00e9lion \u00e9lectronique - Votre partenaire","article_modified_time":"2021-11-24T10:39:17+00:00","og_image":[{"url":"https:\/\/www.celion.fr\/electronique\/wp-content\/uploads\/2021\/11\/P1-4.jpg","type":"","width":"","height":""}],"twitter_card":"summary_large_image","twitter_misc":{"Dur\u00e9e de lecture estim\u00e9e":"1 minute"},"schema":{"@context":"https:\/\/schema.org","@graph":[{"@type":"WebPage","@id":"https:\/\/www.celion.fr\/electronique\/caps\/","url":"https:\/\/www.celion.fr\/electronique\/caps\/","name":"Caps - C\u00e9lion \u00e9lectronique - Votre partenaire","isPartOf":{"@id":"https:\/\/www.celion.fr\/electronique\/#website"},"primaryImageOfPage":{"@id":"https:\/\/www.celion.fr\/electronique\/caps\/#primaryimage"},"image":{"@id":"https:\/\/www.celion.fr\/electronique\/caps\/#primaryimage"},"thumbnailUrl":"https:\/\/www.celion.fr\/electronique\/wp-content\/uploads\/2021\/11\/P1-4.jpg","datePublished":"2021-11-24T10:39:13+00:00","dateModified":"2021-11-24T10:39:17+00:00","description":"C\u00e9lion \u00e9lectronique poss\u00e8de un large choix de Caps dans son stock. N'h\u00e9sitez pas \u00e0 nous contacter pour toute demande !","breadcrumb":{"@id":"https:\/\/www.celion.fr\/electronique\/caps\/#breadcrumb"},"inLanguage":"fr-FR","potentialAction":[{"@type":"ReadAction","target":["https:\/\/www.celion.fr\/electronique\/caps\/"]}]},{"@type":"ImageObject","inLanguage":"fr-FR","@id":"https:\/\/www.celion.fr\/electronique\/caps\/#primaryimage","url":"https:\/\/i0.wp.com\/www.celion.fr\/electronique\/wp-content\/uploads\/2021\/11\/P1-4.jpg?fit=610%2C190&ssl=1","contentUrl":"https:\/\/i0.wp.com\/www.celion.fr\/electronique\/wp-content\/uploads\/2021\/11\/P1-4.jpg?fit=610%2C190&ssl=1","width":610,"height":190},{"@type":"BreadcrumbList","@id":"https:\/\/www.celion.fr\/electronique\/caps\/#breadcrumb","itemListElement":[{"@type":"ListItem","position":1,"name":"Accueil","item":"https:\/\/www.celion.fr\/electronique\/"},{"@type":"ListItem","position":2,"name":"Caps"}]},{"@type":"WebSite","@id":"https:\/\/www.celion.fr\/electronique\/#website","url":"https:\/\/www.celion.fr\/electronique\/","name":"C\u00e9lion \u00e9lectronique - Votre partenaire","description":"","publisher":{"@id":"https:\/\/www.celion.fr\/electronique\/#organization"},"potentialAction":[{"@type":"SearchAction","target":{"@type":"EntryPoint","urlTemplate":"https:\/\/www.celion.fr\/electronique\/?s={search_term_string}"},"query-input":{"@type":"PropertyValueSpecification","valueRequired":true,"valueName":"search_term_string"}}],"inLanguage":"fr-FR"},{"@type":"Organization","@id":"https:\/\/www.celion.fr\/electronique\/#organization","name":"C\u00e9lion \u00e9lectronique","url":"https:\/\/www.celion.fr\/electronique\/","logo":{"@type":"ImageObject","inLanguage":"fr-FR","@id":"https:\/\/www.celion.fr\/electronique\/#\/schema\/logo\/image\/","url":"https:\/\/i1.wp.com\/www.celion.fr\/electronique\/wp-content\/uploads\/2021\/04\/LOGO_Celion_fond-transparent.png?fit=13386%2C3465&ssl=1","contentUrl":"https:\/\/i1.wp.com\/www.celion.fr\/electronique\/wp-content\/uploads\/2021\/04\/LOGO_Celion_fond-transparent.png?fit=13386%2C3465&ssl=1","width":13386,"height":3465,"caption":"C\u00e9lion \u00e9lectronique"},"image":{"@id":"https:\/\/www.celion.fr\/electronique\/#\/schema\/logo\/image\/"}}]}},"jetpack_sharing_enabled":true,"_links":{"self":[{"href":"https:\/\/www.celion.fr\/electronique\/wp-json\/wp\/v2\/pages\/13493","targetHints":{"allow":["GET"]}}],"collection":[{"href":"https:\/\/www.celion.fr\/electronique\/wp-json\/wp\/v2\/pages"}],"about":[{"href":"https:\/\/www.celion.fr\/electronique\/wp-json\/wp\/v2\/types\/page"}],"author":[{"embeddable":true,"href":"https:\/\/www.celion.fr\/electronique\/wp-json\/wp\/v2\/users\/1"}],"replies":[{"embeddable":true,"href":"https:\/\/www.celion.fr\/electronique\/wp-json\/wp\/v2\/comments?post=13493"}],"version-history":[{"count":7,"href":"https:\/\/www.celion.fr\/electronique\/wp-json\/wp\/v2\/pages\/13493\/revisions"}],"predecessor-version":[{"id":14499,"href":"https:\/\/www.celion.fr\/electronique\/wp-json\/wp\/v2\/pages\/13493\/revisions\/14499"}],"wp:attachment":[{"href":"https:\/\/www.celion.fr\/electronique\/wp-json\/wp\/v2\/media?parent=13493"}],"curies":[{"name":"wp","href":"https:\/\/api.w.org\/{rel}","templated":true}]}}