{"id":13439,"date":"2021-11-24T11:37:49","date_gmt":"2021-11-24T10:37:49","guid":{"rendered":"https:\/\/www.celion.fr\/electronique\/?page_id=13439"},"modified":"2021-11-24T11:37:56","modified_gmt":"2021-11-24T10:37:56","slug":"overmolded-cable-assemblies-p","status":"publish","type":"page","link":"https:\/\/www.celion.fr\/electronique\/overmolded-cable-assemblies-p\/","title":{"rendered":"Overmolded Cable Assemblies (P)"},"content":{"rendered":"\t\t<div data-elementor-type=\"wp-page\" data-elementor-id=\"13439\" class=\"elementor elementor-13439\" data-elementor-settings=\"{&quot;ha_cmc_init_switcher&quot;:&quot;no&quot;}\" data-elementor-post-type=\"page\">\n\t\t\t\t\t\t<section class=\"elementor-section elementor-top-section elementor-element elementor-element-a658695 elementor-section-boxed elementor-section-height-default elementor-section-height-default\" data-id=\"a658695\" data-element_type=\"section\" data-settings=\"{&quot;_ha_eqh_enable&quot;:false}\">\n\t\t\t\t\t\t<div class=\"elementor-container elementor-column-gap-default\">\n\t\t\t\t\t<div class=\"elementor-column elementor-col-100 elementor-top-column elementor-element elementor-element-b067a0a\" data-id=\"b067a0a\" data-element_type=\"column\">\n\t\t\t<div class=\"elementor-widget-wrap elementor-element-populated\">\n\t\t\t\t\t\t<div class=\"elementor-element elementor-element-39979d7 elementor-widget elementor-widget-heading\" data-id=\"39979d7\" data-element_type=\"widget\" data-widget_type=\"heading.default\">\n\t\t\t\t<div class=\"elementor-widget-container\">\n\t\t\t\t\t<h2 class=\"elementor-heading-title elementor-size-default\">Overmolded Cable Assemblies<\/h2>\t\t\t\t<\/div>\n\t\t\t\t<\/div>\n\t\t\t\t\t<\/div>\n\t\t<\/div>\n\t\t\t\t\t<\/div>\n\t\t<\/section>\n\t\t\t\t<section class=\"elementor-section elementor-top-section elementor-element elementor-element-c190358 elementor-section-boxed elementor-section-height-default elementor-section-height-default\" data-id=\"c190358\" data-element_type=\"section\" data-settings=\"{&quot;_ha_eqh_enable&quot;:false}\">\n\t\t\t\t\t\t<div class=\"elementor-container elementor-column-gap-default\">\n\t\t\t\t\t<div class=\"elementor-column elementor-col-100 elementor-top-column elementor-element elementor-element-8f6ba15\" data-id=\"8f6ba15\" data-element_type=\"column\">\n\t\t\t<div class=\"elementor-widget-wrap elementor-element-populated\">\n\t\t\t\t\t\t<div class=\"elementor-element elementor-element-8ea2e87 elementor-widget-divider--view-line elementor-widget elementor-widget-divider\" data-id=\"8ea2e87\" data-element_type=\"widget\" data-widget_type=\"divider.default\">\n\t\t\t\t<div class=\"elementor-widget-container\">\n\t\t\t\t\t\t\t<div class=\"elementor-divider\">\n\t\t\t<span class=\"elementor-divider-separator\">\n\t\t\t\t\t\t<\/span>\n\t\t<\/div>\n\t\t\t\t\t\t<\/div>\n\t\t\t\t<\/div>\n\t\t\t\t\t<\/div>\n\t\t<\/div>\n\t\t\t\t\t<\/div>\n\t\t<\/section>\n\t\t\t\t<section class=\"elementor-section elementor-top-section elementor-element elementor-element-60129fa elementor-section-boxed elementor-section-height-default elementor-section-height-default\" data-id=\"60129fa\" data-element_type=\"section\" data-settings=\"{&quot;_ha_eqh_enable&quot;:false}\">\n\t\t\t\t\t\t<div class=\"elementor-container elementor-column-gap-default\">\n\t\t\t\t\t<div class=\"elementor-column elementor-col-66 elementor-top-column elementor-element elementor-element-9945a53\" data-id=\"9945a53\" data-element_type=\"column\">\n\t\t\t<div class=\"elementor-widget-wrap elementor-element-populated\">\n\t\t\t\t\t\t<div class=\"elementor-element elementor-element-53b05a7 elementor-widget elementor-widget-heading\" data-id=\"53b05a7\" data-element_type=\"widget\" data-widget_type=\"heading.default\">\n\t\t\t\t<div class=\"elementor-widget-container\">\n\t\t\t\t\t<h2 class=\"elementor-heading-title elementor-size-default\"><a href=\"https:\/\/www.celion.fr\/electronique\/cpp-p2xxsn\/\">\nCPP-P2xxSN<\/a><\/h2>\t\t\t\t<\/div>\n\t\t\t\t<\/div>\n\t\t\t\t<div class=\"elementor-element elementor-element-96aab40 elementor-widget elementor-widget-image\" data-id=\"96aab40\" data-element_type=\"widget\" data-widget_type=\"image.default\">\n\t\t\t\t<div class=\"elementor-widget-container\">\n\t\t\t\t\t\t\t\t\t\t\t\t\t\t\t\t<a href=\"https:\/\/www.celion.fr\/electronique\/cpp-p2xxsn\/\">\n\t\t\t\t\t\t\t<img fetchpriority=\"high\" decoding=\"async\" width=\"610\" height=\"190\" src=\"https:\/\/i0.wp.com\/www.celion.fr\/electronique\/wp-content\/uploads\/2021\/11\/P1-1.jpg?fit=610%2C190&amp;ssl=1\" class=\"elementor-animation-float attachment-large size-large wp-image-13441\" alt=\"\" srcset=\"https:\/\/i0.wp.com\/www.celion.fr\/electronique\/wp-content\/uploads\/2021\/11\/P1-1.jpg?w=610&amp;ssl=1 610w, https:\/\/i0.wp.com\/www.celion.fr\/electronique\/wp-content\/uploads\/2021\/11\/P1-1.jpg?resize=300%2C93&amp;ssl=1 300w, https:\/\/i0.wp.com\/www.celion.fr\/electronique\/wp-content\/uploads\/2021\/11\/P1-1.jpg?resize=600%2C187&amp;ssl=1 600w\" sizes=\"(max-width: 610px) 100vw, 610px\" \/>\t\t\t\t\t\t\t\t<\/a>\n\t\t\t\t\t\t\t\t\t\t\t\t\t\t\t<\/div>\n\t\t\t\t<\/div>\n\t\t\t\t\t<\/div>\n\t\t<\/div>\n\t\t\t\t<div class=\"elementor-column elementor-col-33 elementor-top-column elementor-element elementor-element-02da9d4\" data-id=\"02da9d4\" data-element_type=\"column\">\n\t\t\t<div class=\"elementor-widget-wrap elementor-element-populated\">\n\t\t\t\t\t\t<div class=\"elementor-element elementor-element-71c75ab elementor-widget elementor-widget-text-editor\" data-id=\"71c75ab\" data-element_type=\"widget\" data-widget_type=\"text-editor.default\">\n\t\t\t\t<div class=\"elementor-widget-container\">\n\t\t\t\t\t\t\t\t\t<div class=\"pro_list_right\"><p>IP66~68<\/p><ul><li><strong>Female Socket<\/strong><\/li><li><strong>Female Pins<\/strong><\/li><li><strong>Connector Type :<\/strong> Over-molding<\/li><li><strong>Gender of Pins :<\/strong> Female<\/li><li><strong>Locking System :<\/strong> Threaded Locking<\/li><li><strong>Number of Pins :<\/strong> 4 ,7<\/li><li><strong>Rated Current :<\/strong> 10A<\/li><\/ul><\/div>\t\t\t\t\t\t\t\t<\/div>\n\t\t\t\t<\/div>\n\t\t\t\t\t<\/div>\n\t\t<\/div>\n\t\t\t\t\t<\/div>\n\t\t<\/section>\n\t\t\t\t<section class=\"elementor-section elementor-top-section elementor-element elementor-element-f382af1 elementor-section-boxed elementor-section-height-default elementor-section-height-default\" data-id=\"f382af1\" data-element_type=\"section\" data-settings=\"{&quot;_ha_eqh_enable&quot;:false}\">\n\t\t\t\t\t\t<div class=\"elementor-container elementor-column-gap-default\">\n\t\t\t\t\t<div class=\"elementor-column elementor-col-100 elementor-top-column elementor-element elementor-element-d10e59e\" data-id=\"d10e59e\" data-element_type=\"column\">\n\t\t\t<div class=\"elementor-widget-wrap elementor-element-populated\">\n\t\t\t\t\t\t<div class=\"elementor-element elementor-element-56a936a elementor-widget-divider--view-line elementor-widget elementor-widget-divider\" data-id=\"56a936a\" data-element_type=\"widget\" data-widget_type=\"divider.default\">\n\t\t\t\t<div class=\"elementor-widget-container\">\n\t\t\t\t\t\t\t<div class=\"elementor-divider\">\n\t\t\t<span class=\"elementor-divider-separator\">\n\t\t\t\t\t\t<\/span>\n\t\t<\/div>\n\t\t\t\t\t\t<\/div>\n\t\t\t\t<\/div>\n\t\t\t\t\t<\/div>\n\t\t<\/div>\n\t\t\t\t\t<\/div>\n\t\t<\/section>\n\t\t\t\t<section class=\"elementor-section elementor-top-section elementor-element elementor-element-ac4b024 elementor-section-boxed elementor-section-height-default elementor-section-height-default\" data-id=\"ac4b024\" data-element_type=\"section\" data-settings=\"{&quot;_ha_eqh_enable&quot;:false}\">\n\t\t\t\t\t\t<div class=\"elementor-container elementor-column-gap-default\">\n\t\t\t\t\t<div class=\"elementor-column elementor-col-66 elementor-top-column elementor-element elementor-element-01efba6\" data-id=\"01efba6\" data-element_type=\"column\">\n\t\t\t<div class=\"elementor-widget-wrap elementor-element-populated\">\n\t\t\t\t\t\t<div class=\"elementor-element elementor-element-1b52d96 elementor-widget elementor-widget-heading\" data-id=\"1b52d96\" data-element_type=\"widget\" data-widget_type=\"heading.default\">\n\t\t\t\t<div class=\"elementor-widget-container\">\n\t\t\t\t\t<h2 class=\"elementor-heading-title elementor-size-default\"><a href=\"https:\/\/www.celion.fr\/electronique\/cpp-p1xxsn\/\">\nCPP-P1xxSN<\/a><\/h2>\t\t\t\t<\/div>\n\t\t\t\t<\/div>\n\t\t\t\t<div class=\"elementor-element elementor-element-de3b337 elementor-widget elementor-widget-image\" data-id=\"de3b337\" data-element_type=\"widget\" data-widget_type=\"image.default\">\n\t\t\t\t<div class=\"elementor-widget-container\">\n\t\t\t\t\t\t\t\t\t\t\t\t\t\t\t\t<a href=\"https:\/\/www.celion.fr\/electronique\/cpp-p1xxsn\/\">\n\t\t\t\t\t\t\t<img decoding=\"async\" width=\"610\" height=\"190\" src=\"https:\/\/i0.wp.com\/www.celion.fr\/electronique\/wp-content\/uploads\/2021\/11\/P2-1.jpg?fit=610%2C190&amp;ssl=1\" class=\"elementor-animation-float attachment-large size-large wp-image-13442\" alt=\"\" srcset=\"https:\/\/i0.wp.com\/www.celion.fr\/electronique\/wp-content\/uploads\/2021\/11\/P2-1.jpg?w=610&amp;ssl=1 610w, https:\/\/i0.wp.com\/www.celion.fr\/electronique\/wp-content\/uploads\/2021\/11\/P2-1.jpg?resize=300%2C93&amp;ssl=1 300w, https:\/\/i0.wp.com\/www.celion.fr\/electronique\/wp-content\/uploads\/2021\/11\/P2-1.jpg?resize=600%2C187&amp;ssl=1 600w\" sizes=\"(max-width: 610px) 100vw, 610px\" \/>\t\t\t\t\t\t\t\t<\/a>\n\t\t\t\t\t\t\t\t\t\t\t\t\t\t\t<\/div>\n\t\t\t\t<\/div>\n\t\t\t\t\t<\/div>\n\t\t<\/div>\n\t\t\t\t<div class=\"elementor-column elementor-col-33 elementor-top-column elementor-element elementor-element-8456af8\" data-id=\"8456af8\" data-element_type=\"column\">\n\t\t\t<div class=\"elementor-widget-wrap elementor-element-populated\">\n\t\t\t\t\t\t<div class=\"elementor-element elementor-element-e1351b0 elementor-widget elementor-widget-text-editor\" data-id=\"e1351b0\" data-element_type=\"widget\" data-widget_type=\"text-editor.default\">\n\t\t\t\t<div class=\"elementor-widget-container\">\n\t\t\t\t\t\t\t\t\t<div class=\"pro_list_right\"><p>IP66~68<\/p><ul><li><strong>Male Socket<\/strong><\/li><li><strong>Male Pins<\/strong><\/li><li><strong>Connector Type :<\/strong> Over-molding<\/li><li><strong>Gender of Pins :<\/strong> Male<\/li><li><strong>Locking System :<\/strong> Threaded Locking<\/li><li><strong>Number of Pins :<\/strong> 4 ,7<\/li><li><strong>Rated Current :<\/strong> 10A<\/li><\/ul><\/div>\t\t\t\t\t\t\t\t<\/div>\n\t\t\t\t<\/div>\n\t\t\t\t\t<\/div>\n\t\t<\/div>\n\t\t\t\t\t<\/div>\n\t\t<\/section>\n\t\t\t\t<section class=\"elementor-section elementor-top-section elementor-element elementor-element-3471bd6 elementor-section-boxed elementor-section-height-default elementor-section-height-default\" data-id=\"3471bd6\" data-element_type=\"section\" data-settings=\"{&quot;_ha_eqh_enable&quot;:false}\">\n\t\t\t\t\t\t<div class=\"elementor-container elementor-column-gap-default\">\n\t\t\t\t\t<div class=\"elementor-column elementor-col-100 elementor-top-column elementor-element elementor-element-dec283f\" data-id=\"dec283f\" data-element_type=\"column\">\n\t\t\t<div class=\"elementor-widget-wrap elementor-element-populated\">\n\t\t\t\t\t\t<div class=\"elementor-element elementor-element-7557023 elementor-widget-divider--view-line elementor-widget elementor-widget-divider\" data-id=\"7557023\" data-element_type=\"widget\" data-widget_type=\"divider.default\">\n\t\t\t\t<div class=\"elementor-widget-container\">\n\t\t\t\t\t\t\t<div class=\"elementor-divider\">\n\t\t\t<span class=\"elementor-divider-separator\">\n\t\t\t\t\t\t<\/span>\n\t\t<\/div>\n\t\t\t\t\t\t<\/div>\n\t\t\t\t<\/div>\n\t\t\t\t\t<\/div>\n\t\t<\/div>\n\t\t\t\t\t<\/div>\n\t\t<\/section>\n\t\t\t\t<\/div>\n\t\t","protected":false},"excerpt":{"rendered":"<p>Overmolded Cable Assemblies CPP-P2xxSN IP66~68 Female Socket Female Pins Connector Type : Over-molding Gender of Pins : Female Locking System : Threaded Locking Number of Pins : 4 ,7 Rated Current : 10A CPP-P1xxSN IP66~68 Male Socket Male Pins Connector Type : Over-molding Gender of Pins : Male Locking System : Threaded Locking Number of [&hellip;]<\/p>\n","protected":false},"author":1,"featured_media":0,"parent":0,"menu_order":0,"comment_status":"closed","ping_status":"closed","template":"","meta":{"_acf_changed":false,"ocean_post_layout":"","ocean_both_sidebars_style":"","ocean_both_sidebars_content_width":0,"ocean_both_sidebars_sidebars_width":0,"ocean_sidebar":"0","ocean_second_sidebar":"0","ocean_disable_margins":"enable","ocean_add_body_class":"","ocean_shortcode_before_top_bar":"","ocean_shortcode_after_top_bar":"","ocean_shortcode_before_header":"","ocean_shortcode_after_header":"","ocean_has_shortcode":"","ocean_shortcode_after_title":"","ocean_shortcode_before_footer_widgets":"","ocean_shortcode_after_footer_widgets":"","ocean_shortcode_before_footer_bottom":"","ocean_shortcode_after_footer_bottom":"","ocean_display_top_bar":"default","ocean_display_header":"default","ocean_header_style":"","ocean_center_header_left_menu":"0","ocean_custom_header_template":"0","ocean_custom_logo":0,"ocean_custom_retina_logo":0,"ocean_custom_logo_max_width":0,"ocean_custom_logo_tablet_max_width":0,"ocean_custom_logo_mobile_max_width":0,"ocean_custom_logo_max_height":0,"ocean_custom_logo_tablet_max_height":0,"ocean_custom_logo_mobile_max_height":0,"ocean_header_custom_menu":"0","ocean_menu_typo_font_family":"0","ocean_menu_typo_font_subset":"","ocean_menu_typo_font_size":0,"ocean_menu_typo_font_size_tablet":0,"ocean_menu_typo_font_size_mobile":0,"ocean_menu_typo_font_size_unit":"px","ocean_menu_typo_font_weight":"","ocean_menu_typo_font_weight_tablet":"","ocean_menu_typo_font_weight_mobile":"","ocean_menu_typo_transform":"","ocean_menu_typo_transform_tablet":"","ocean_menu_typo_transform_mobile":"","ocean_menu_typo_line_height":0,"ocean_menu_typo_line_height_tablet":0,"ocean_menu_typo_line_height_mobile":0,"ocean_menu_typo_line_height_unit":"","ocean_menu_typo_spacing":0,"ocean_menu_typo_spacing_tablet":0,"ocean_menu_typo_spacing_mobile":0,"ocean_menu_typo_spacing_unit":"","ocean_menu_link_color":"","ocean_menu_link_color_hover":"","ocean_menu_link_color_active":"","ocean_menu_link_background":"","ocean_menu_link_hover_background":"","ocean_menu_link_active_background":"","ocean_menu_social_links_bg":"","ocean_menu_social_hover_links_bg":"","ocean_menu_social_links_color":"","ocean_menu_social_hover_links_color":"","ocean_disable_title":"default","ocean_disable_heading":"default","ocean_post_title":"","ocean_post_subheading":"","ocean_post_title_style":"","ocean_post_title_background_color":"","ocean_post_title_background":0,"ocean_post_title_bg_image_position":"","ocean_post_title_bg_image_attachment":"","ocean_post_title_bg_image_repeat":"","ocean_post_title_bg_image_size":"","ocean_post_title_height":0,"ocean_post_title_bg_overlay":0.5,"ocean_post_title_bg_overlay_color":"","ocean_disable_breadcrumbs":"default","ocean_breadcrumbs_color":"","ocean_breadcrumbs_separator_color":"","ocean_breadcrumbs_links_color":"","ocean_breadcrumbs_links_hover_color":"","ocean_display_footer_widgets":"default","ocean_display_footer_bottom":"default","ocean_custom_footer_template":"0","footnotes":""},"class_list":["post-13439","page","type-page","status-publish","hentry","entry","owp-thumbs-layout-horizontal","owp-btn-normal","owp-tabs-layout-horizontal","has-no-thumbnails","has-product-nav"],"acf":[],"yoast_head":"<!-- This site is optimized with the Yoast SEO plugin v25.3 - https:\/\/yoast.com\/wordpress\/plugins\/seo\/ -->\n<title>Overmolded Cable Assemblies (P) - C\u00e9lion \u00e9lectronique - Votre partenaire - Rh\u00f4ne-Alpes<\/title>\n<meta name=\"description\" content=\"C\u00e9lion \u00e9lectronique poss\u00e8de un large choix de Overmolded Cable Assemblies (P) dans son stock. N&#039;h\u00e9sitez pas \u00e0 nous contacter pour toute demande !\" \/>\n<meta name=\"robots\" content=\"index, follow, max-snippet:-1, max-image-preview:large, max-video-preview:-1\" \/>\n<link rel=\"canonical\" href=\"https:\/\/www.celion.fr\/electronique\/overmolded-cable-assemblies-p\/\" \/>\n<meta property=\"og:locale\" content=\"fr_FR\" \/>\n<meta property=\"og:type\" content=\"article\" \/>\n<meta property=\"og:title\" content=\"Overmolded Cable Assemblies (P) - C\u00e9lion \u00e9lectronique - Votre partenaire - Rh\u00f4ne-Alpes\" \/>\n<meta property=\"og:description\" content=\"C\u00e9lion \u00e9lectronique poss\u00e8de un large choix de Overmolded Cable Assemblies (P) dans son stock. N&#039;h\u00e9sitez pas \u00e0 nous contacter pour toute demande !\" \/>\n<meta property=\"og:url\" content=\"https:\/\/www.celion.fr\/electronique\/overmolded-cable-assemblies-p\/\" \/>\n<meta property=\"og:site_name\" content=\"C\u00e9lion \u00e9lectronique - Votre partenaire\" \/>\n<meta property=\"article:modified_time\" content=\"2021-11-24T10:37:56+00:00\" \/>\n<meta property=\"og:image\" content=\"https:\/\/www.celion.fr\/electronique\/wp-content\/uploads\/2021\/11\/P1-1.jpg\" \/>\n<meta name=\"twitter:card\" content=\"summary_large_image\" \/>\n<meta name=\"twitter:label1\" content=\"Dur\u00e9e de lecture estim\u00e9e\" \/>\n\t<meta name=\"twitter:data1\" content=\"1 minute\" \/>\n<script type=\"application\/ld+json\" class=\"yoast-schema-graph\">{\"@context\":\"https:\/\/schema.org\",\"@graph\":[{\"@type\":\"WebPage\",\"@id\":\"https:\/\/www.celion.fr\/electronique\/overmolded-cable-assemblies-p\/\",\"url\":\"https:\/\/www.celion.fr\/electronique\/overmolded-cable-assemblies-p\/\",\"name\":\"Overmolded Cable Assemblies (P) - C\u00e9lion \u00e9lectronique - Votre partenaire - Rh\u00f4ne-Alpes\",\"isPartOf\":{\"@id\":\"https:\/\/www.celion.fr\/electronique\/#website\"},\"primaryImageOfPage\":{\"@id\":\"https:\/\/www.celion.fr\/electronique\/overmolded-cable-assemblies-p\/#primaryimage\"},\"image\":{\"@id\":\"https:\/\/www.celion.fr\/electronique\/overmolded-cable-assemblies-p\/#primaryimage\"},\"thumbnailUrl\":\"https:\/\/www.celion.fr\/electronique\/wp-content\/uploads\/2021\/11\/P1-1.jpg\",\"datePublished\":\"2021-11-24T10:37:49+00:00\",\"dateModified\":\"2021-11-24T10:37:56+00:00\",\"description\":\"C\u00e9lion \u00e9lectronique poss\u00e8de un large choix de Overmolded Cable Assemblies (P) dans son stock. N'h\u00e9sitez pas \u00e0 nous contacter pour toute demande !\",\"breadcrumb\":{\"@id\":\"https:\/\/www.celion.fr\/electronique\/overmolded-cable-assemblies-p\/#breadcrumb\"},\"inLanguage\":\"fr-FR\",\"potentialAction\":[{\"@type\":\"ReadAction\",\"target\":[\"https:\/\/www.celion.fr\/electronique\/overmolded-cable-assemblies-p\/\"]}]},{\"@type\":\"ImageObject\",\"inLanguage\":\"fr-FR\",\"@id\":\"https:\/\/www.celion.fr\/electronique\/overmolded-cable-assemblies-p\/#primaryimage\",\"url\":\"https:\/\/i0.wp.com\/www.celion.fr\/electronique\/wp-content\/uploads\/2021\/11\/P1-1.jpg?fit=610%2C190&ssl=1\",\"contentUrl\":\"https:\/\/i0.wp.com\/www.celion.fr\/electronique\/wp-content\/uploads\/2021\/11\/P1-1.jpg?fit=610%2C190&ssl=1\",\"width\":610,\"height\":190},{\"@type\":\"BreadcrumbList\",\"@id\":\"https:\/\/www.celion.fr\/electronique\/overmolded-cable-assemblies-p\/#breadcrumb\",\"itemListElement\":[{\"@type\":\"ListItem\",\"position\":1,\"name\":\"Accueil\",\"item\":\"https:\/\/www.celion.fr\/electronique\/\"},{\"@type\":\"ListItem\",\"position\":2,\"name\":\"Overmolded Cable Assemblies (P)\"}]},{\"@type\":\"WebSite\",\"@id\":\"https:\/\/www.celion.fr\/electronique\/#website\",\"url\":\"https:\/\/www.celion.fr\/electronique\/\",\"name\":\"C\u00e9lion \u00e9lectronique - Votre partenaire\",\"description\":\"\",\"publisher\":{\"@id\":\"https:\/\/www.celion.fr\/electronique\/#organization\"},\"potentialAction\":[{\"@type\":\"SearchAction\",\"target\":{\"@type\":\"EntryPoint\",\"urlTemplate\":\"https:\/\/www.celion.fr\/electronique\/?s={search_term_string}\"},\"query-input\":{\"@type\":\"PropertyValueSpecification\",\"valueRequired\":true,\"valueName\":\"search_term_string\"}}],\"inLanguage\":\"fr-FR\"},{\"@type\":\"Organization\",\"@id\":\"https:\/\/www.celion.fr\/electronique\/#organization\",\"name\":\"C\u00e9lion \u00e9lectronique\",\"url\":\"https:\/\/www.celion.fr\/electronique\/\",\"logo\":{\"@type\":\"ImageObject\",\"inLanguage\":\"fr-FR\",\"@id\":\"https:\/\/www.celion.fr\/electronique\/#\/schema\/logo\/image\/\",\"url\":\"https:\/\/i1.wp.com\/www.celion.fr\/electronique\/wp-content\/uploads\/2021\/04\/LOGO_Celion_fond-transparent.png?fit=13386%2C3465&ssl=1\",\"contentUrl\":\"https:\/\/i1.wp.com\/www.celion.fr\/electronique\/wp-content\/uploads\/2021\/04\/LOGO_Celion_fond-transparent.png?fit=13386%2C3465&ssl=1\",\"width\":13386,\"height\":3465,\"caption\":\"C\u00e9lion \u00e9lectronique\"},\"image\":{\"@id\":\"https:\/\/www.celion.fr\/electronique\/#\/schema\/logo\/image\/\"}}]}<\/script>\n<!-- \/ Yoast SEO plugin. -->","yoast_head_json":{"title":"Overmolded Cable Assemblies (P) - C\u00e9lion \u00e9lectronique - Votre partenaire - Rh\u00f4ne-Alpes","description":"C\u00e9lion \u00e9lectronique poss\u00e8de un large choix de Overmolded Cable Assemblies (P) dans son stock. N'h\u00e9sitez pas \u00e0 nous contacter pour toute demande !","robots":{"index":"index","follow":"follow","max-snippet":"max-snippet:-1","max-image-preview":"max-image-preview:large","max-video-preview":"max-video-preview:-1"},"canonical":"https:\/\/www.celion.fr\/electronique\/overmolded-cable-assemblies-p\/","og_locale":"fr_FR","og_type":"article","og_title":"Overmolded Cable Assemblies (P) - C\u00e9lion \u00e9lectronique - Votre partenaire - Rh\u00f4ne-Alpes","og_description":"C\u00e9lion \u00e9lectronique poss\u00e8de un large choix de Overmolded Cable Assemblies (P) dans son stock. N'h\u00e9sitez pas \u00e0 nous contacter pour toute demande !","og_url":"https:\/\/www.celion.fr\/electronique\/overmolded-cable-assemblies-p\/","og_site_name":"C\u00e9lion \u00e9lectronique - Votre partenaire","article_modified_time":"2021-11-24T10:37:56+00:00","og_image":[{"url":"https:\/\/www.celion.fr\/electronique\/wp-content\/uploads\/2021\/11\/P1-1.jpg","type":"","width":"","height":""}],"twitter_card":"summary_large_image","twitter_misc":{"Dur\u00e9e de lecture estim\u00e9e":"1 minute"},"schema":{"@context":"https:\/\/schema.org","@graph":[{"@type":"WebPage","@id":"https:\/\/www.celion.fr\/electronique\/overmolded-cable-assemblies-p\/","url":"https:\/\/www.celion.fr\/electronique\/overmolded-cable-assemblies-p\/","name":"Overmolded Cable Assemblies (P) - C\u00e9lion \u00e9lectronique - Votre partenaire - Rh\u00f4ne-Alpes","isPartOf":{"@id":"https:\/\/www.celion.fr\/electronique\/#website"},"primaryImageOfPage":{"@id":"https:\/\/www.celion.fr\/electronique\/overmolded-cable-assemblies-p\/#primaryimage"},"image":{"@id":"https:\/\/www.celion.fr\/electronique\/overmolded-cable-assemblies-p\/#primaryimage"},"thumbnailUrl":"https:\/\/www.celion.fr\/electronique\/wp-content\/uploads\/2021\/11\/P1-1.jpg","datePublished":"2021-11-24T10:37:49+00:00","dateModified":"2021-11-24T10:37:56+00:00","description":"C\u00e9lion \u00e9lectronique poss\u00e8de un large choix de Overmolded Cable Assemblies (P) dans son stock. N'h\u00e9sitez pas \u00e0 nous contacter pour toute demande !","breadcrumb":{"@id":"https:\/\/www.celion.fr\/electronique\/overmolded-cable-assemblies-p\/#breadcrumb"},"inLanguage":"fr-FR","potentialAction":[{"@type":"ReadAction","target":["https:\/\/www.celion.fr\/electronique\/overmolded-cable-assemblies-p\/"]}]},{"@type":"ImageObject","inLanguage":"fr-FR","@id":"https:\/\/www.celion.fr\/electronique\/overmolded-cable-assemblies-p\/#primaryimage","url":"https:\/\/i0.wp.com\/www.celion.fr\/electronique\/wp-content\/uploads\/2021\/11\/P1-1.jpg?fit=610%2C190&ssl=1","contentUrl":"https:\/\/i0.wp.com\/www.celion.fr\/electronique\/wp-content\/uploads\/2021\/11\/P1-1.jpg?fit=610%2C190&ssl=1","width":610,"height":190},{"@type":"BreadcrumbList","@id":"https:\/\/www.celion.fr\/electronique\/overmolded-cable-assemblies-p\/#breadcrumb","itemListElement":[{"@type":"ListItem","position":1,"name":"Accueil","item":"https:\/\/www.celion.fr\/electronique\/"},{"@type":"ListItem","position":2,"name":"Overmolded Cable Assemblies (P)"}]},{"@type":"WebSite","@id":"https:\/\/www.celion.fr\/electronique\/#website","url":"https:\/\/www.celion.fr\/electronique\/","name":"C\u00e9lion \u00e9lectronique - Votre partenaire","description":"","publisher":{"@id":"https:\/\/www.celion.fr\/electronique\/#organization"},"potentialAction":[{"@type":"SearchAction","target":{"@type":"EntryPoint","urlTemplate":"https:\/\/www.celion.fr\/electronique\/?s={search_term_string}"},"query-input":{"@type":"PropertyValueSpecification","valueRequired":true,"valueName":"search_term_string"}}],"inLanguage":"fr-FR"},{"@type":"Organization","@id":"https:\/\/www.celion.fr\/electronique\/#organization","name":"C\u00e9lion \u00e9lectronique","url":"https:\/\/www.celion.fr\/electronique\/","logo":{"@type":"ImageObject","inLanguage":"fr-FR","@id":"https:\/\/www.celion.fr\/electronique\/#\/schema\/logo\/image\/","url":"https:\/\/i1.wp.com\/www.celion.fr\/electronique\/wp-content\/uploads\/2021\/04\/LOGO_Celion_fond-transparent.png?fit=13386%2C3465&ssl=1","contentUrl":"https:\/\/i1.wp.com\/www.celion.fr\/electronique\/wp-content\/uploads\/2021\/04\/LOGO_Celion_fond-transparent.png?fit=13386%2C3465&ssl=1","width":13386,"height":3465,"caption":"C\u00e9lion \u00e9lectronique"},"image":{"@id":"https:\/\/www.celion.fr\/electronique\/#\/schema\/logo\/image\/"}}]}},"jetpack_sharing_enabled":true,"_links":{"self":[{"href":"https:\/\/www.celion.fr\/electronique\/wp-json\/wp\/v2\/pages\/13439","targetHints":{"allow":["GET"]}}],"collection":[{"href":"https:\/\/www.celion.fr\/electronique\/wp-json\/wp\/v2\/pages"}],"about":[{"href":"https:\/\/www.celion.fr\/electronique\/wp-json\/wp\/v2\/types\/page"}],"author":[{"embeddable":true,"href":"https:\/\/www.celion.fr\/electronique\/wp-json\/wp\/v2\/users\/1"}],"replies":[{"embeddable":true,"href":"https:\/\/www.celion.fr\/electronique\/wp-json\/wp\/v2\/comments?post=13439"}],"version-history":[{"count":14,"href":"https:\/\/www.celion.fr\/electronique\/wp-json\/wp\/v2\/pages\/13439\/revisions"}],"predecessor-version":[{"id":14497,"href":"https:\/\/www.celion.fr\/electronique\/wp-json\/wp\/v2\/pages\/13439\/revisions\/14497"}],"wp:attachment":[{"href":"https:\/\/www.celion.fr\/electronique\/wp-json\/wp\/v2\/media?parent=13439"}],"curies":[{"name":"wp","href":"https:\/\/api.w.org\/{rel}","templated":true}]}}