{"id":13372,"date":"2021-11-24T11:33:36","date_gmt":"2021-11-24T10:33:36","guid":{"rendered":"https:\/\/www.celion.fr\/electronique\/?page_id=13372"},"modified":"2021-11-24T11:33:39","modified_gmt":"2021-11-24T10:33:39","slug":"overmolded-cable-assemblies-e","status":"publish","type":"page","link":"https:\/\/www.celion.fr\/electronique\/overmolded-cable-assemblies-e\/","title":{"rendered":"Overmolded Cable Assemblies (E)"},"content":{"rendered":"\t\t<div data-elementor-type=\"wp-page\" data-elementor-id=\"13372\" class=\"elementor elementor-13372\" data-elementor-settings=\"{&quot;ha_cmc_init_switcher&quot;:&quot;no&quot;}\" data-elementor-post-type=\"page\">\n\t\t\t\t\t\t<section class=\"elementor-section elementor-top-section elementor-element elementor-element-21abd19 elementor-section-boxed elementor-section-height-default elementor-section-height-default\" data-id=\"21abd19\" data-element_type=\"section\" data-settings=\"{&quot;_ha_eqh_enable&quot;:false}\">\n\t\t\t\t\t\t<div class=\"elementor-container elementor-column-gap-default\">\n\t\t\t\t\t<div class=\"elementor-column elementor-col-100 elementor-top-column elementor-element elementor-element-815a775\" data-id=\"815a775\" data-element_type=\"column\">\n\t\t\t<div class=\"elementor-widget-wrap elementor-element-populated\">\n\t\t\t\t\t\t<div class=\"elementor-element elementor-element-640b6fe elementor-widget elementor-widget-heading\" data-id=\"640b6fe\" data-element_type=\"widget\" data-widget_type=\"heading.default\">\n\t\t\t\t<div class=\"elementor-widget-container\">\n\t\t\t\t\t<h2 class=\"elementor-heading-title elementor-size-default\">Overmolded Cable Assemblies<\/h2>\t\t\t\t<\/div>\n\t\t\t\t<\/div>\n\t\t\t\t\t<\/div>\n\t\t<\/div>\n\t\t\t\t\t<\/div>\n\t\t<\/section>\n\t\t\t\t<section class=\"elementor-section elementor-top-section elementor-element elementor-element-fcf0a5a elementor-section-boxed elementor-section-height-default elementor-section-height-default\" data-id=\"fcf0a5a\" data-element_type=\"section\" data-settings=\"{&quot;_ha_eqh_enable&quot;:false}\">\n\t\t\t\t\t\t<div class=\"elementor-container elementor-column-gap-default\">\n\t\t\t\t\t<div class=\"elementor-column elementor-col-100 elementor-top-column elementor-element elementor-element-9b2478b\" data-id=\"9b2478b\" data-element_type=\"column\">\n\t\t\t<div class=\"elementor-widget-wrap elementor-element-populated\">\n\t\t\t\t\t\t<div class=\"elementor-element elementor-element-9d82e10 elementor-widget-divider--view-line elementor-widget elementor-widget-divider\" data-id=\"9d82e10\" data-element_type=\"widget\" data-widget_type=\"divider.default\">\n\t\t\t\t<div class=\"elementor-widget-container\">\n\t\t\t\t\t\t\t<div class=\"elementor-divider\">\n\t\t\t<span class=\"elementor-divider-separator\">\n\t\t\t\t\t\t<\/span>\n\t\t<\/div>\n\t\t\t\t\t\t<\/div>\n\t\t\t\t<\/div>\n\t\t\t\t\t<\/div>\n\t\t<\/div>\n\t\t\t\t\t<\/div>\n\t\t<\/section>\n\t\t\t\t<section class=\"elementor-section elementor-top-section elementor-element elementor-element-73ce02e elementor-section-boxed elementor-section-height-default elementor-section-height-default\" data-id=\"73ce02e\" data-element_type=\"section\" data-settings=\"{&quot;_ha_eqh_enable&quot;:false}\">\n\t\t\t\t\t\t<div class=\"elementor-container elementor-column-gap-default\">\n\t\t\t\t\t<div class=\"elementor-column elementor-col-66 elementor-top-column elementor-element elementor-element-0d389df\" data-id=\"0d389df\" data-element_type=\"column\">\n\t\t\t<div class=\"elementor-widget-wrap elementor-element-populated\">\n\t\t\t\t\t\t<div class=\"elementor-element elementor-element-28185fa elementor-widget elementor-widget-heading\" data-id=\"28185fa\" data-element_type=\"widget\" data-widget_type=\"heading.default\">\n\t\t\t\t<div class=\"elementor-widget-container\">\n\t\t\t\t\t<h2 class=\"elementor-heading-title elementor-size-default\"><a href=\"https:\/\/www.celion.fr\/electronique\/cex-l4xxsm\/\">\nCEx-L4xxSM<\/a><\/h2>\t\t\t\t<\/div>\n\t\t\t\t<\/div>\n\t\t\t\t<div class=\"elementor-element elementor-element-1b54cef elementor-widget elementor-widget-image\" data-id=\"1b54cef\" data-element_type=\"widget\" data-widget_type=\"image.default\">\n\t\t\t\t<div class=\"elementor-widget-container\">\n\t\t\t\t\t\t\t\t\t\t\t\t\t\t\t\t<a href=\"https:\/\/www.celion.fr\/electronique\/cex-l4xxsm\/\">\n\t\t\t\t\t\t\t<img fetchpriority=\"high\" decoding=\"async\" width=\"610\" height=\"190\" src=\"https:\/\/i0.wp.com\/www.celion.fr\/electronique\/wp-content\/uploads\/2021\/11\/E1-1.jpg?fit=610%2C190&amp;ssl=1\" class=\"elementor-animation-float attachment-large size-large wp-image-13374\" alt=\"\" srcset=\"https:\/\/i0.wp.com\/www.celion.fr\/electronique\/wp-content\/uploads\/2021\/11\/E1-1.jpg?w=610&amp;ssl=1 610w, https:\/\/i0.wp.com\/www.celion.fr\/electronique\/wp-content\/uploads\/2021\/11\/E1-1.jpg?resize=300%2C93&amp;ssl=1 300w, https:\/\/i0.wp.com\/www.celion.fr\/electronique\/wp-content\/uploads\/2021\/11\/E1-1.jpg?resize=600%2C187&amp;ssl=1 600w\" sizes=\"(max-width: 610px) 100vw, 610px\" \/>\t\t\t\t\t\t\t\t<\/a>\n\t\t\t\t\t\t\t\t\t\t\t\t\t\t\t<\/div>\n\t\t\t\t<\/div>\n\t\t\t\t\t<\/div>\n\t\t<\/div>\n\t\t\t\t<div class=\"elementor-column elementor-col-33 elementor-top-column elementor-element elementor-element-09e95e1\" data-id=\"09e95e1\" data-element_type=\"column\">\n\t\t\t<div class=\"elementor-widget-wrap elementor-element-populated\">\n\t\t\t\t\t\t<div class=\"elementor-element elementor-element-8ae7956 elementor-widget elementor-widget-text-editor\" data-id=\"8ae7956\" data-element_type=\"widget\" data-widget_type=\"text-editor.default\">\n\t\t\t\t<div class=\"elementor-widget-container\">\n\t\t\t\t\t\t\t\t\t<div class=\"pro_list_right\"><p>IP66~68<\/p><ul><li><strong>With Strain Relief<\/strong><\/li><li><strong>Female Socket<\/strong><\/li><li><strong>Male Pins<\/strong><\/li><li><strong>Connector Type :<\/strong> Over-molded<\/li><li><strong>Gender of Pins :<\/strong> Male<\/li><li><strong>Locking System :<\/strong> Bayonet Locking<\/li><li><strong>Number of Pins :<\/strong> 31 , 37<\/li><li><strong>Rated Current :<\/strong> 2A , 5A<\/li><\/ul><\/div>\t\t\t\t\t\t\t\t<\/div>\n\t\t\t\t<\/div>\n\t\t\t\t\t<\/div>\n\t\t<\/div>\n\t\t\t\t\t<\/div>\n\t\t<\/section>\n\t\t\t\t<section class=\"elementor-section elementor-top-section elementor-element elementor-element-6dfa83e elementor-section-boxed elementor-section-height-default elementor-section-height-default\" data-id=\"6dfa83e\" data-element_type=\"section\" data-settings=\"{&quot;_ha_eqh_enable&quot;:false}\">\n\t\t\t\t\t\t<div class=\"elementor-container elementor-column-gap-default\">\n\t\t\t\t\t<div class=\"elementor-column elementor-col-100 elementor-top-column elementor-element elementor-element-aa6a5d4\" data-id=\"aa6a5d4\" data-element_type=\"column\">\n\t\t\t<div class=\"elementor-widget-wrap elementor-element-populated\">\n\t\t\t\t\t\t<div class=\"elementor-element elementor-element-9c66bc2 elementor-widget-divider--view-line elementor-widget elementor-widget-divider\" data-id=\"9c66bc2\" data-element_type=\"widget\" data-widget_type=\"divider.default\">\n\t\t\t\t<div class=\"elementor-widget-container\">\n\t\t\t\t\t\t\t<div class=\"elementor-divider\">\n\t\t\t<span class=\"elementor-divider-separator\">\n\t\t\t\t\t\t<\/span>\n\t\t<\/div>\n\t\t\t\t\t\t<\/div>\n\t\t\t\t<\/div>\n\t\t\t\t\t<\/div>\n\t\t<\/div>\n\t\t\t\t\t<\/div>\n\t\t<\/section>\n\t\t\t\t<\/div>\n\t\t","protected":false},"excerpt":{"rendered":"<p>Overmolded Cable Assemblies CEx-L4xxSM IP66~68 With Strain Relief Female Socket Male Pins Connector Type : Over-molded Gender of Pins : Male Locking System : Bayonet Locking Number of Pins : 31 , 37 Rated Current : 2A , 5A<\/p>\n","protected":false},"author":1,"featured_media":0,"parent":0,"menu_order":0,"comment_status":"closed","ping_status":"closed","template":"","meta":{"_acf_changed":false,"ocean_post_layout":"","ocean_both_sidebars_style":"","ocean_both_sidebars_content_width":0,"ocean_both_sidebars_sidebars_width":0,"ocean_sidebar":"0","ocean_second_sidebar":"0","ocean_disable_margins":"enable","ocean_add_body_class":"","ocean_shortcode_before_top_bar":"","ocean_shortcode_after_top_bar":"","ocean_shortcode_before_header":"","ocean_shortcode_after_header":"","ocean_has_shortcode":"","ocean_shortcode_after_title":"","ocean_shortcode_before_footer_widgets":"","ocean_shortcode_after_footer_widgets":"","ocean_shortcode_before_footer_bottom":"","ocean_shortcode_after_footer_bottom":"","ocean_display_top_bar":"default","ocean_display_header":"default","ocean_header_style":"","ocean_center_header_left_menu":"0","ocean_custom_header_template":"0","ocean_custom_logo":0,"ocean_custom_retina_logo":0,"ocean_custom_logo_max_width":0,"ocean_custom_logo_tablet_max_width":0,"ocean_custom_logo_mobile_max_width":0,"ocean_custom_logo_max_height":0,"ocean_custom_logo_tablet_max_height":0,"ocean_custom_logo_mobile_max_height":0,"ocean_header_custom_menu":"0","ocean_menu_typo_font_family":"0","ocean_menu_typo_font_subset":"","ocean_menu_typo_font_size":0,"ocean_menu_typo_font_size_tablet":0,"ocean_menu_typo_font_size_mobile":0,"ocean_menu_typo_font_size_unit":"px","ocean_menu_typo_font_weight":"","ocean_menu_typo_font_weight_tablet":"","ocean_menu_typo_font_weight_mobile":"","ocean_menu_typo_transform":"","ocean_menu_typo_transform_tablet":"","ocean_menu_typo_transform_mobile":"","ocean_menu_typo_line_height":0,"ocean_menu_typo_line_height_tablet":0,"ocean_menu_typo_line_height_mobile":0,"ocean_menu_typo_line_height_unit":"","ocean_menu_typo_spacing":0,"ocean_menu_typo_spacing_tablet":0,"ocean_menu_typo_spacing_mobile":0,"ocean_menu_typo_spacing_unit":"","ocean_menu_link_color":"","ocean_menu_link_color_hover":"","ocean_menu_link_color_active":"","ocean_menu_link_background":"","ocean_menu_link_hover_background":"","ocean_menu_link_active_background":"","ocean_menu_social_links_bg":"","ocean_menu_social_hover_links_bg":"","ocean_menu_social_links_color":"","ocean_menu_social_hover_links_color":"","ocean_disable_title":"default","ocean_disable_heading":"default","ocean_post_title":"","ocean_post_subheading":"","ocean_post_title_style":"","ocean_post_title_background_color":"","ocean_post_title_background":0,"ocean_post_title_bg_image_position":"","ocean_post_title_bg_image_attachment":"","ocean_post_title_bg_image_repeat":"","ocean_post_title_bg_image_size":"","ocean_post_title_height":0,"ocean_post_title_bg_overlay":0.5,"ocean_post_title_bg_overlay_color":"","ocean_disable_breadcrumbs":"default","ocean_breadcrumbs_color":"","ocean_breadcrumbs_separator_color":"","ocean_breadcrumbs_links_color":"","ocean_breadcrumbs_links_hover_color":"","ocean_display_footer_widgets":"default","ocean_display_footer_bottom":"default","ocean_custom_footer_template":"0","footnotes":""},"class_list":["post-13372","page","type-page","status-publish","hentry","entry","owp-thumbs-layout-horizontal","owp-btn-normal","owp-tabs-layout-horizontal","has-no-thumbnails","has-product-nav"],"acf":[],"yoast_head":"<!-- This site is optimized with the Yoast SEO plugin v25.3 - https:\/\/yoast.com\/wordpress\/plugins\/seo\/ -->\n<title>Overmolded Cable Assemblies (E) - C\u00e9lion \u00e9lectronique - Votre partenaire - Rh\u00f4ne-Alpes<\/title>\n<meta name=\"description\" content=\"C\u00e9lion \u00e9lectronique poss\u00e8de un large choix de Overmolded Cable Assemblies (E) dans son stock. N&#039;h\u00e9sitez pas \u00e0 nous contacter pour toute demande !\" \/>\n<meta name=\"robots\" content=\"index, follow, max-snippet:-1, max-image-preview:large, max-video-preview:-1\" \/>\n<link rel=\"canonical\" href=\"https:\/\/www.celion.fr\/electronique\/overmolded-cable-assemblies-e\/\" \/>\n<meta property=\"og:locale\" content=\"fr_FR\" \/>\n<meta property=\"og:type\" content=\"article\" \/>\n<meta property=\"og:title\" content=\"Overmolded Cable Assemblies (E) - C\u00e9lion \u00e9lectronique - Votre partenaire - Rh\u00f4ne-Alpes\" \/>\n<meta property=\"og:description\" content=\"C\u00e9lion \u00e9lectronique poss\u00e8de un large choix de Overmolded Cable Assemblies (E) dans son stock. N&#039;h\u00e9sitez pas \u00e0 nous contacter pour toute demande !\" \/>\n<meta property=\"og:url\" content=\"https:\/\/www.celion.fr\/electronique\/overmolded-cable-assemblies-e\/\" \/>\n<meta property=\"og:site_name\" content=\"C\u00e9lion \u00e9lectronique - Votre partenaire\" \/>\n<meta property=\"article:modified_time\" content=\"2021-11-24T10:33:39+00:00\" \/>\n<meta property=\"og:image\" content=\"https:\/\/www.celion.fr\/electronique\/wp-content\/uploads\/2021\/11\/E1-1.jpg\" \/>\n<meta name=\"twitter:card\" content=\"summary_large_image\" \/>\n<meta name=\"twitter:label1\" content=\"Dur\u00e9e de lecture estim\u00e9e\" \/>\n\t<meta name=\"twitter:data1\" content=\"1 minute\" \/>\n<script type=\"application\/ld+json\" class=\"yoast-schema-graph\">{\"@context\":\"https:\/\/schema.org\",\"@graph\":[{\"@type\":\"WebPage\",\"@id\":\"https:\/\/www.celion.fr\/electronique\/overmolded-cable-assemblies-e\/\",\"url\":\"https:\/\/www.celion.fr\/electronique\/overmolded-cable-assemblies-e\/\",\"name\":\"Overmolded Cable Assemblies (E) - C\u00e9lion \u00e9lectronique - Votre partenaire - Rh\u00f4ne-Alpes\",\"isPartOf\":{\"@id\":\"https:\/\/www.celion.fr\/electronique\/#website\"},\"primaryImageOfPage\":{\"@id\":\"https:\/\/www.celion.fr\/electronique\/overmolded-cable-assemblies-e\/#primaryimage\"},\"image\":{\"@id\":\"https:\/\/www.celion.fr\/electronique\/overmolded-cable-assemblies-e\/#primaryimage\"},\"thumbnailUrl\":\"https:\/\/www.celion.fr\/electronique\/wp-content\/uploads\/2021\/11\/E1-1.jpg\",\"datePublished\":\"2021-11-24T10:33:36+00:00\",\"dateModified\":\"2021-11-24T10:33:39+00:00\",\"description\":\"C\u00e9lion \u00e9lectronique poss\u00e8de un large choix de Overmolded Cable Assemblies (E) dans son stock. N'h\u00e9sitez pas \u00e0 nous contacter pour toute demande !\",\"breadcrumb\":{\"@id\":\"https:\/\/www.celion.fr\/electronique\/overmolded-cable-assemblies-e\/#breadcrumb\"},\"inLanguage\":\"fr-FR\",\"potentialAction\":[{\"@type\":\"ReadAction\",\"target\":[\"https:\/\/www.celion.fr\/electronique\/overmolded-cable-assemblies-e\/\"]}]},{\"@type\":\"ImageObject\",\"inLanguage\":\"fr-FR\",\"@id\":\"https:\/\/www.celion.fr\/electronique\/overmolded-cable-assemblies-e\/#primaryimage\",\"url\":\"https:\/\/i0.wp.com\/www.celion.fr\/electronique\/wp-content\/uploads\/2021\/11\/E1-1.jpg?fit=610%2C190&ssl=1\",\"contentUrl\":\"https:\/\/i0.wp.com\/www.celion.fr\/electronique\/wp-content\/uploads\/2021\/11\/E1-1.jpg?fit=610%2C190&ssl=1\",\"width\":610,\"height\":190},{\"@type\":\"BreadcrumbList\",\"@id\":\"https:\/\/www.celion.fr\/electronique\/overmolded-cable-assemblies-e\/#breadcrumb\",\"itemListElement\":[{\"@type\":\"ListItem\",\"position\":1,\"name\":\"Accueil\",\"item\":\"https:\/\/www.celion.fr\/electronique\/\"},{\"@type\":\"ListItem\",\"position\":2,\"name\":\"Overmolded Cable Assemblies (E)\"}]},{\"@type\":\"WebSite\",\"@id\":\"https:\/\/www.celion.fr\/electronique\/#website\",\"url\":\"https:\/\/www.celion.fr\/electronique\/\",\"name\":\"C\u00e9lion \u00e9lectronique - Votre partenaire\",\"description\":\"\",\"publisher\":{\"@id\":\"https:\/\/www.celion.fr\/electronique\/#organization\"},\"potentialAction\":[{\"@type\":\"SearchAction\",\"target\":{\"@type\":\"EntryPoint\",\"urlTemplate\":\"https:\/\/www.celion.fr\/electronique\/?s={search_term_string}\"},\"query-input\":{\"@type\":\"PropertyValueSpecification\",\"valueRequired\":true,\"valueName\":\"search_term_string\"}}],\"inLanguage\":\"fr-FR\"},{\"@type\":\"Organization\",\"@id\":\"https:\/\/www.celion.fr\/electronique\/#organization\",\"name\":\"C\u00e9lion \u00e9lectronique\",\"url\":\"https:\/\/www.celion.fr\/electronique\/\",\"logo\":{\"@type\":\"ImageObject\",\"inLanguage\":\"fr-FR\",\"@id\":\"https:\/\/www.celion.fr\/electronique\/#\/schema\/logo\/image\/\",\"url\":\"https:\/\/i1.wp.com\/www.celion.fr\/electronique\/wp-content\/uploads\/2021\/04\/LOGO_Celion_fond-transparent.png?fit=13386%2C3465&ssl=1\",\"contentUrl\":\"https:\/\/i1.wp.com\/www.celion.fr\/electronique\/wp-content\/uploads\/2021\/04\/LOGO_Celion_fond-transparent.png?fit=13386%2C3465&ssl=1\",\"width\":13386,\"height\":3465,\"caption\":\"C\u00e9lion \u00e9lectronique\"},\"image\":{\"@id\":\"https:\/\/www.celion.fr\/electronique\/#\/schema\/logo\/image\/\"}}]}<\/script>\n<!-- \/ Yoast SEO plugin. -->","yoast_head_json":{"title":"Overmolded Cable Assemblies (E) - C\u00e9lion \u00e9lectronique - Votre partenaire - Rh\u00f4ne-Alpes","description":"C\u00e9lion \u00e9lectronique poss\u00e8de un large choix de Overmolded Cable Assemblies (E) dans son stock. N'h\u00e9sitez pas \u00e0 nous contacter pour toute demande !","robots":{"index":"index","follow":"follow","max-snippet":"max-snippet:-1","max-image-preview":"max-image-preview:large","max-video-preview":"max-video-preview:-1"},"canonical":"https:\/\/www.celion.fr\/electronique\/overmolded-cable-assemblies-e\/","og_locale":"fr_FR","og_type":"article","og_title":"Overmolded Cable Assemblies (E) - C\u00e9lion \u00e9lectronique - Votre partenaire - Rh\u00f4ne-Alpes","og_description":"C\u00e9lion \u00e9lectronique poss\u00e8de un large choix de Overmolded Cable Assemblies (E) dans son stock. N'h\u00e9sitez pas \u00e0 nous contacter pour toute demande !","og_url":"https:\/\/www.celion.fr\/electronique\/overmolded-cable-assemblies-e\/","og_site_name":"C\u00e9lion \u00e9lectronique - Votre partenaire","article_modified_time":"2021-11-24T10:33:39+00:00","og_image":[{"url":"https:\/\/www.celion.fr\/electronique\/wp-content\/uploads\/2021\/11\/E1-1.jpg","type":"","width":"","height":""}],"twitter_card":"summary_large_image","twitter_misc":{"Dur\u00e9e de lecture estim\u00e9e":"1 minute"},"schema":{"@context":"https:\/\/schema.org","@graph":[{"@type":"WebPage","@id":"https:\/\/www.celion.fr\/electronique\/overmolded-cable-assemblies-e\/","url":"https:\/\/www.celion.fr\/electronique\/overmolded-cable-assemblies-e\/","name":"Overmolded Cable Assemblies (E) - C\u00e9lion \u00e9lectronique - Votre partenaire - Rh\u00f4ne-Alpes","isPartOf":{"@id":"https:\/\/www.celion.fr\/electronique\/#website"},"primaryImageOfPage":{"@id":"https:\/\/www.celion.fr\/electronique\/overmolded-cable-assemblies-e\/#primaryimage"},"image":{"@id":"https:\/\/www.celion.fr\/electronique\/overmolded-cable-assemblies-e\/#primaryimage"},"thumbnailUrl":"https:\/\/www.celion.fr\/electronique\/wp-content\/uploads\/2021\/11\/E1-1.jpg","datePublished":"2021-11-24T10:33:36+00:00","dateModified":"2021-11-24T10:33:39+00:00","description":"C\u00e9lion \u00e9lectronique poss\u00e8de un large choix de Overmolded Cable Assemblies (E) dans son stock. N'h\u00e9sitez pas \u00e0 nous contacter pour toute demande !","breadcrumb":{"@id":"https:\/\/www.celion.fr\/electronique\/overmolded-cable-assemblies-e\/#breadcrumb"},"inLanguage":"fr-FR","potentialAction":[{"@type":"ReadAction","target":["https:\/\/www.celion.fr\/electronique\/overmolded-cable-assemblies-e\/"]}]},{"@type":"ImageObject","inLanguage":"fr-FR","@id":"https:\/\/www.celion.fr\/electronique\/overmolded-cable-assemblies-e\/#primaryimage","url":"https:\/\/i0.wp.com\/www.celion.fr\/electronique\/wp-content\/uploads\/2021\/11\/E1-1.jpg?fit=610%2C190&ssl=1","contentUrl":"https:\/\/i0.wp.com\/www.celion.fr\/electronique\/wp-content\/uploads\/2021\/11\/E1-1.jpg?fit=610%2C190&ssl=1","width":610,"height":190},{"@type":"BreadcrumbList","@id":"https:\/\/www.celion.fr\/electronique\/overmolded-cable-assemblies-e\/#breadcrumb","itemListElement":[{"@type":"ListItem","position":1,"name":"Accueil","item":"https:\/\/www.celion.fr\/electronique\/"},{"@type":"ListItem","position":2,"name":"Overmolded Cable Assemblies (E)"}]},{"@type":"WebSite","@id":"https:\/\/www.celion.fr\/electronique\/#website","url":"https:\/\/www.celion.fr\/electronique\/","name":"C\u00e9lion \u00e9lectronique - Votre partenaire","description":"","publisher":{"@id":"https:\/\/www.celion.fr\/electronique\/#organization"},"potentialAction":[{"@type":"SearchAction","target":{"@type":"EntryPoint","urlTemplate":"https:\/\/www.celion.fr\/electronique\/?s={search_term_string}"},"query-input":{"@type":"PropertyValueSpecification","valueRequired":true,"valueName":"search_term_string"}}],"inLanguage":"fr-FR"},{"@type":"Organization","@id":"https:\/\/www.celion.fr\/electronique\/#organization","name":"C\u00e9lion \u00e9lectronique","url":"https:\/\/www.celion.fr\/electronique\/","logo":{"@type":"ImageObject","inLanguage":"fr-FR","@id":"https:\/\/www.celion.fr\/electronique\/#\/schema\/logo\/image\/","url":"https:\/\/i1.wp.com\/www.celion.fr\/electronique\/wp-content\/uploads\/2021\/04\/LOGO_Celion_fond-transparent.png?fit=13386%2C3465&ssl=1","contentUrl":"https:\/\/i1.wp.com\/www.celion.fr\/electronique\/wp-content\/uploads\/2021\/04\/LOGO_Celion_fond-transparent.png?fit=13386%2C3465&ssl=1","width":13386,"height":3465,"caption":"C\u00e9lion \u00e9lectronique"},"image":{"@id":"https:\/\/www.celion.fr\/electronique\/#\/schema\/logo\/image\/"}}]}},"jetpack_sharing_enabled":true,"_links":{"self":[{"href":"https:\/\/www.celion.fr\/electronique\/wp-json\/wp\/v2\/pages\/13372","targetHints":{"allow":["GET"]}}],"collection":[{"href":"https:\/\/www.celion.fr\/electronique\/wp-json\/wp\/v2\/pages"}],"about":[{"href":"https:\/\/www.celion.fr\/electronique\/wp-json\/wp\/v2\/types\/page"}],"author":[{"embeddable":true,"href":"https:\/\/www.celion.fr\/electronique\/wp-json\/wp\/v2\/users\/1"}],"replies":[{"embeddable":true,"href":"https:\/\/www.celion.fr\/electronique\/wp-json\/wp\/v2\/comments?post=13372"}],"version-history":[{"count":8,"href":"https:\/\/www.celion.fr\/electronique\/wp-json\/wp\/v2\/pages\/13372\/revisions"}],"predecessor-version":[{"id":14487,"href":"https:\/\/www.celion.fr\/electronique\/wp-json\/wp\/v2\/pages\/13372\/revisions\/14487"}],"wp:attachment":[{"href":"https:\/\/www.celion.fr\/electronique\/wp-json\/wp\/v2\/media?parent=13372"}],"curies":[{"name":"wp","href":"https:\/\/api.w.org\/{rel}","templated":true}]}}